{"id":759,"date":"2017-06-11T14:58:45","date_gmt":"2017-06-11T12:58:45","guid":{"rendered":"http:\/\/tus.eschringen.de\/wordpress\/?page_id=759"},"modified":"2025-07-20T23:36:07","modified_gmt":"2025-07-20T21:36:07","slug":"abschlussbericht-tt-senioren-2016-2017","status":"publish","type":"page","link":"https:\/\/tus.eschringen.de\/wordpress\/tischtennis\/abschlussbericht-tt-senioren-2016-2017\/","title":{"rendered":"Abschlussbericht TT-Senioren 2016-2017"},"content":{"rendered":"\n<p>Auch in der R\u00fcckrunde konnte die Mannschaft oft nicht in der st\u00e4rksten Aufstellung antreten. Bei den Senioren gibt es doch h\u00e4ufig durch Krankheit und Verletzung bedingte Ausf\u00e4lle. Am Ende reichte es mit 15:21 Punkten nur zum 6. Tabellenplatz.<br>Gegen den klaren Aufstiegsanw\u00e4rter TTC Wehrden konnten wir nur mit 5 Spielern antreten und kassierten eine 0:9 Niederlage.<br>Auch gegen DJK Saarbr\u00fccken-Rastpfuhl II gab es eine 2:9 Niederlage. Nur das Doppel Blum-Priester und Roland Schmitt&nbsp; sorgten f\u00fcr 2 Punkte.<br>Gegen Hostenbach II gab es einen 9:2 Sieg. Die Doppel Blum-Priester, Freis-Fuck Feix Schmitt KH -Boes wurden gewonnen. 2 Einzel von Blum und je ein Einzel von Freis, Priester, Schmitt KH und Boes sorgten f\u00fcr die 9 Punkte.<br>Gegen den ATSV Saarbr\u00fccken II gab es eine 9:5 Niederlage. Die Doppel Blum-Priester und Freis-Fuck Feix sowie 2 Einzel von Blum und ein Einzel von Fuck Feix konnten erfolgreich bestritten werden.<br>Gegen Polizei Saarbr\u00fccken konnten wir nur mit 5 Spielern antreten und es gab mit 2:9 eine deutliche Niederlage. Nur J\u00fcrgen Blum konnte seine Spiele erfolgreich bestreiten.<br>Auch das Spiel gegen Dorf im Warndt wurde mit 9:5 verloren. Das Doppel Blum-Freis, sowie 2 Einzel von Blum und je ein Einzel von Freis und Boes ergaben die 5 Punkte.<br>Gegen K\u00f6llerbach V gab es mit 9:5 einen erfreulichen Sieg. Die Doppel Freis-Fuck Feix und Schmitt KH-Boes sowie 2 Einzel von Blum, Priester und Fuck Feix und ein Einzel von Freis sorgten f\u00fcr die 9 Punkte.<br>Gegen TTC P\u00fctlingen III gab es mit 9:7 einen knappen 9:7 Sieg. Das Doppel Blum-Priester und 2 Einzel von Blum und Prister sowie je ein Einzel von Freis, Schmitt KH und Boes&nbsp; sorgten f\u00fcr 8 Punkte.<br>Das Entscheidungsdoppel Blum-Prister brachte den Sieg.<br>Auch im letzten Spiel gab es mit 9:3 einen Sieg. Die Doppel Blum-Priester und Freis-Fuck Feix sowie 2x Blum und Priester und je 1x Freis, Fuck Feix und Boes waren erfolgreich.<br>F\u00fcr die n\u00e4chste Spielzeit haben wir den Zugang einer Dame zu vermelden. Wir w\u00fcrden uns freuen in unserer sch\u00f6nen Halle weitere Spieler und Spielerinnen, auch im Hobbybereich in unserer Halle begr\u00fc\u00dfen zu k\u00f6nnen.<br>Wir haben eine der sch\u00f6nsten Sporthallen im Kreis und somit optimale Trainingsm\u00f6glichkeiten.<br>Unsere Trainingszeiten in der Sport und Kulturhalle Eschringen:<br>Montags von 18:30 Uhr bis 21:30 Uhr. Mittwochs von 18:30 Uhr bis 21:30 Uhr.<\/p>\n\n\n\n<p>Bei Fragen Tel: 06893\/70993<\/p>\n","protected":false},"excerpt":{"rendered":"<p>Auch in der R\u00fcckrunde konnte die Mannschaft oft nicht in der st\u00e4rksten Aufstellung antreten. Bei den Senioren gibt es doch h\u00e4ufig durch Krankheit und Verletzung bedingte Ausf\u00e4lle. Am Ende reichte es mit 15:21 Punkten nur zum 6. Tabellenplatz.Gegen den klaren Aufstiegsanw\u00e4rter TTC Wehrden konnten wir nur mit 5 Spielern antreten und kassierten eine 0:9 Niederlage.Auch &#8230; <\/p>\n<p class=\"read-more-container\"><a title=\"Abschlussbericht TT-Senioren 2016-2017\" class=\"read-more button\" href=\"https:\/\/tus.eschringen.de\/wordpress\/tischtennis\/abschlussbericht-tt-senioren-2016-2017\/#more-759\" aria-label=\"Mehr Informationen \u00fcber Abschlussbericht TT-Senioren 2016-2017\">alles lesen<\/a><\/p>\n","protected":false},"author":1,"featured_media":0,"parent":46,"menu_order":9,"comment_status":"closed","ping_status":"closed","template":"","meta":{"generate_page_header":"","footnotes":""},"class_list":["post-759","page","type-page","status-publish"],"yoast_head":"<!-- This site is optimized with the Yoast SEO plugin v27.4 - https:\/\/yoast.com\/product\/yoast-seo-wordpress\/ -->\n<title>Abschlussbericht TT-Senioren 2016-2017 - TuS Eschringen<\/title>\n<meta name=\"robots\" content=\"index, follow, max-snippet:-1, max-image-preview:large, max-video-preview:-1\" \/>\n<link rel=\"canonical\" href=\"https:\/\/tus.eschringen.de\/wordpress\/tischtennis\/abschlussbericht-tt-senioren-2016-2017\/\" \/>\n<meta property=\"og:locale\" content=\"de_DE\" \/>\n<meta property=\"og:type\" content=\"article\" \/>\n<meta property=\"og:title\" content=\"Abschlussbericht TT-Senioren 2016-2017 - TuS Eschringen\" \/>\n<meta property=\"og:description\" content=\"Auch in der R\u00fcckrunde konnte die Mannschaft oft nicht in der st\u00e4rksten Aufstellung antreten. Bei den Senioren gibt es doch h\u00e4ufig durch Krankheit und Verletzung bedingte Ausf\u00e4lle. Am Ende reichte es mit 15:21 Punkten nur zum 6. Tabellenplatz.Gegen den klaren Aufstiegsanw\u00e4rter TTC Wehrden konnten wir nur mit 5 Spielern antreten und kassierten eine 0:9 Niederlage.Auch ... alles lesen\" \/>\n<meta property=\"og:url\" content=\"https:\/\/tus.eschringen.de\/wordpress\/tischtennis\/abschlussbericht-tt-senioren-2016-2017\/\" \/>\n<meta property=\"og:site_name\" content=\"TuS Eschringen\" \/>\n<meta property=\"article:publisher\" content=\"https:\/\/www.facebook.com\/TuS.Eschringen\/\" \/>\n<meta property=\"article:modified_time\" content=\"2025-07-20T21:36:07+00:00\" \/>\n<meta name=\"twitter:card\" content=\"summary_large_image\" \/>\n<meta name=\"twitter:label1\" content=\"Gesch\u00e4tzte Lesezeit\" \/>\n\t<meta name=\"twitter:data1\" content=\"3\u00a0Minuten\" \/>\n<script type=\"application\/ld+json\" class=\"yoast-schema-graph\">{\"@context\":\"https:\\\/\\\/schema.org\",\"@graph\":[{\"@type\":\"WebPage\",\"@id\":\"https:\\\/\\\/tus.eschringen.de\\\/wordpress\\\/tischtennis\\\/abschlussbericht-tt-senioren-2016-2017\\\/\",\"url\":\"https:\\\/\\\/tus.eschringen.de\\\/wordpress\\\/tischtennis\\\/abschlussbericht-tt-senioren-2016-2017\\\/\",\"name\":\"Abschlussbericht TT-Senioren 2016-2017 - TuS Eschringen\",\"isPartOf\":{\"@id\":\"https:\\\/\\\/tus.eschringen.de\\\/wordpress\\\/#website\"},\"datePublished\":\"2017-06-11T12:58:45+00:00\",\"dateModified\":\"2025-07-20T21:36:07+00:00\",\"breadcrumb\":{\"@id\":\"https:\\\/\\\/tus.eschringen.de\\\/wordpress\\\/tischtennis\\\/abschlussbericht-tt-senioren-2016-2017\\\/#breadcrumb\"},\"inLanguage\":\"de\",\"potentialAction\":[{\"@type\":\"ReadAction\",\"target\":[\"https:\\\/\\\/tus.eschringen.de\\\/wordpress\\\/tischtennis\\\/abschlussbericht-tt-senioren-2016-2017\\\/\"]}]},{\"@type\":\"BreadcrumbList\",\"@id\":\"https:\\\/\\\/tus.eschringen.de\\\/wordpress\\\/tischtennis\\\/abschlussbericht-tt-senioren-2016-2017\\\/#breadcrumb\",\"itemListElement\":[{\"@type\":\"ListItem\",\"position\":1,\"name\":\"Startseite\",\"item\":\"https:\\\/\\\/tus.eschringen.de\\\/wordpress\\\/\"},{\"@type\":\"ListItem\",\"position\":2,\"name\":\"Tischtennis\",\"item\":\"https:\\\/\\\/tus.eschringen.de\\\/wordpress\\\/tischtennis\\\/\"},{\"@type\":\"ListItem\",\"position\":3,\"name\":\"Abschlussbericht TT-Senioren 2016-2017\"}]},{\"@type\":\"WebSite\",\"@id\":\"https:\\\/\\\/tus.eschringen.de\\\/wordpress\\\/#website\",\"url\":\"https:\\\/\\\/tus.eschringen.de\\\/wordpress\\\/\",\"name\":\"TuS Eschringen\",\"description\":\"\",\"publisher\":{\"@id\":\"https:\\\/\\\/tus.eschringen.de\\\/wordpress\\\/#organization\"},\"potentialAction\":[{\"@type\":\"SearchAction\",\"target\":{\"@type\":\"EntryPoint\",\"urlTemplate\":\"https:\\\/\\\/tus.eschringen.de\\\/wordpress\\\/?s={search_term_string}\"},\"query-input\":{\"@type\":\"PropertyValueSpecification\",\"valueRequired\":true,\"valueName\":\"search_term_string\"}}],\"inLanguage\":\"de\"},{\"@type\":\"Organization\",\"@id\":\"https:\\\/\\\/tus.eschringen.de\\\/wordpress\\\/#organization\",\"name\":\"TuS Eschringen\",\"url\":\"https:\\\/\\\/tus.eschringen.de\\\/wordpress\\\/\",\"logo\":{\"@type\":\"ImageObject\",\"inLanguage\":\"de\",\"@id\":\"https:\\\/\\\/tus.eschringen.de\\\/wordpress\\\/#\\\/schema\\\/logo\\\/image\\\/\",\"url\":\"https:\\\/\\\/i0.wp.com\\\/tus.eschringen.de\\\/wordpress\\\/wp-content\\\/uploads\\\/2025\\\/07\\\/Web_kopf.jpg?fit=1260%2C240&ssl=1\",\"contentUrl\":\"https:\\\/\\\/i0.wp.com\\\/tus.eschringen.de\\\/wordpress\\\/wp-content\\\/uploads\\\/2025\\\/07\\\/Web_kopf.jpg?fit=1260%2C240&ssl=1\",\"width\":1260,\"height\":240,\"caption\":\"TuS Eschringen\"},\"image\":{\"@id\":\"https:\\\/\\\/tus.eschringen.de\\\/wordpress\\\/#\\\/schema\\\/logo\\\/image\\\/\"},\"sameAs\":[\"https:\\\/\\\/www.facebook.com\\\/TuS.Eschringen\\\/\",\"https:\\\/\\\/www.instagram.com\\\/tus.eschringen\\\/\"]}]}<\/script>\n<!-- \/ Yoast SEO plugin. -->","yoast_head_json":{"title":"Abschlussbericht TT-Senioren 2016-2017 - TuS Eschringen","robots":{"index":"index","follow":"follow","max-snippet":"max-snippet:-1","max-image-preview":"max-image-preview:large","max-video-preview":"max-video-preview:-1"},"canonical":"https:\/\/tus.eschringen.de\/wordpress\/tischtennis\/abschlussbericht-tt-senioren-2016-2017\/","og_locale":"de_DE","og_type":"article","og_title":"Abschlussbericht TT-Senioren 2016-2017 - TuS Eschringen","og_description":"Auch in der R\u00fcckrunde konnte die Mannschaft oft nicht in der st\u00e4rksten Aufstellung antreten. Bei den Senioren gibt es doch h\u00e4ufig durch Krankheit und Verletzung bedingte Ausf\u00e4lle. Am Ende reichte es mit 15:21 Punkten nur zum 6. Tabellenplatz.Gegen den klaren Aufstiegsanw\u00e4rter TTC Wehrden konnten wir nur mit 5 Spielern antreten und kassierten eine 0:9 Niederlage.Auch ... alles lesen","og_url":"https:\/\/tus.eschringen.de\/wordpress\/tischtennis\/abschlussbericht-tt-senioren-2016-2017\/","og_site_name":"TuS Eschringen","article_publisher":"https:\/\/www.facebook.com\/TuS.Eschringen\/","article_modified_time":"2025-07-20T21:36:07+00:00","twitter_card":"summary_large_image","twitter_misc":{"Gesch\u00e4tzte Lesezeit":"3\u00a0Minuten"},"schema":{"@context":"https:\/\/schema.org","@graph":[{"@type":"WebPage","@id":"https:\/\/tus.eschringen.de\/wordpress\/tischtennis\/abschlussbericht-tt-senioren-2016-2017\/","url":"https:\/\/tus.eschringen.de\/wordpress\/tischtennis\/abschlussbericht-tt-senioren-2016-2017\/","name":"Abschlussbericht TT-Senioren 2016-2017 - TuS Eschringen","isPartOf":{"@id":"https:\/\/tus.eschringen.de\/wordpress\/#website"},"datePublished":"2017-06-11T12:58:45+00:00","dateModified":"2025-07-20T21:36:07+00:00","breadcrumb":{"@id":"https:\/\/tus.eschringen.de\/wordpress\/tischtennis\/abschlussbericht-tt-senioren-2016-2017\/#breadcrumb"},"inLanguage":"de","potentialAction":[{"@type":"ReadAction","target":["https:\/\/tus.eschringen.de\/wordpress\/tischtennis\/abschlussbericht-tt-senioren-2016-2017\/"]}]},{"@type":"BreadcrumbList","@id":"https:\/\/tus.eschringen.de\/wordpress\/tischtennis\/abschlussbericht-tt-senioren-2016-2017\/#breadcrumb","itemListElement":[{"@type":"ListItem","position":1,"name":"Startseite","item":"https:\/\/tus.eschringen.de\/wordpress\/"},{"@type":"ListItem","position":2,"name":"Tischtennis","item":"https:\/\/tus.eschringen.de\/wordpress\/tischtennis\/"},{"@type":"ListItem","position":3,"name":"Abschlussbericht TT-Senioren 2016-2017"}]},{"@type":"WebSite","@id":"https:\/\/tus.eschringen.de\/wordpress\/#website","url":"https:\/\/tus.eschringen.de\/wordpress\/","name":"TuS Eschringen","description":"","publisher":{"@id":"https:\/\/tus.eschringen.de\/wordpress\/#organization"},"potentialAction":[{"@type":"SearchAction","target":{"@type":"EntryPoint","urlTemplate":"https:\/\/tus.eschringen.de\/wordpress\/?s={search_term_string}"},"query-input":{"@type":"PropertyValueSpecification","valueRequired":true,"valueName":"search_term_string"}}],"inLanguage":"de"},{"@type":"Organization","@id":"https:\/\/tus.eschringen.de\/wordpress\/#organization","name":"TuS Eschringen","url":"https:\/\/tus.eschringen.de\/wordpress\/","logo":{"@type":"ImageObject","inLanguage":"de","@id":"https:\/\/tus.eschringen.de\/wordpress\/#\/schema\/logo\/image\/","url":"https:\/\/i0.wp.com\/tus.eschringen.de\/wordpress\/wp-content\/uploads\/2025\/07\/Web_kopf.jpg?fit=1260%2C240&ssl=1","contentUrl":"https:\/\/i0.wp.com\/tus.eschringen.de\/wordpress\/wp-content\/uploads\/2025\/07\/Web_kopf.jpg?fit=1260%2C240&ssl=1","width":1260,"height":240,"caption":"TuS Eschringen"},"image":{"@id":"https:\/\/tus.eschringen.de\/wordpress\/#\/schema\/logo\/image\/"},"sameAs":["https:\/\/www.facebook.com\/TuS.Eschringen\/","https:\/\/www.instagram.com\/tus.eschringen\/"]}]}},"jetpack_sharing_enabled":true,"_links":{"self":[{"href":"https:\/\/tus.eschringen.de\/wordpress\/wp-json\/wp\/v2\/pages\/759","targetHints":{"allow":["GET"]}}],"collection":[{"href":"https:\/\/tus.eschringen.de\/wordpress\/wp-json\/wp\/v2\/pages"}],"about":[{"href":"https:\/\/tus.eschringen.de\/wordpress\/wp-json\/wp\/v2\/types\/page"}],"author":[{"embeddable":true,"href":"https:\/\/tus.eschringen.de\/wordpress\/wp-json\/wp\/v2\/users\/1"}],"replies":[{"embeddable":true,"href":"https:\/\/tus.eschringen.de\/wordpress\/wp-json\/wp\/v2\/comments?post=759"}],"version-history":[{"count":2,"href":"https:\/\/tus.eschringen.de\/wordpress\/wp-json\/wp\/v2\/pages\/759\/revisions"}],"predecessor-version":[{"id":6199,"href":"https:\/\/tus.eschringen.de\/wordpress\/wp-json\/wp\/v2\/pages\/759\/revisions\/6199"}],"up":[{"embeddable":true,"href":"https:\/\/tus.eschringen.de\/wordpress\/wp-json\/wp\/v2\/pages\/46"}],"wp:attachment":[{"href":"https:\/\/tus.eschringen.de\/wordpress\/wp-json\/wp\/v2\/media?parent=759"}],"curies":[{"name":"wp","href":"https:\/\/api.w.org\/{rel}","templated":true}]}}