{"id":633,"date":"2017-04-23T22:00:13","date_gmt":"2017-04-23T20:00:13","guid":{"rendered":"http:\/\/tus.eschringen.de\/wordpress\/?page_id=633"},"modified":"2025-06-09T17:43:33","modified_gmt":"2025-06-09T15:43:33","slug":"archiv","status":"publish","type":"page","link":"https:\/\/tus.eschringen.de\/wordpress\/fussball\/archiv\/","title":{"rendered":"Archiv"},"content":{"rendered":"\n<p>Hier findet Ihr unser Fussball-Archiv<\/p>\n\n\n\n<p>mit Spielberichten, Torsch\u00fctzen usw. unserer beiden Fussballmannschaften.<\/p>\n\n\n\n<p>Wir werden kontinuierlich all das Material erg\u00e4nzen, was wir zur Verf\u00fcgung haben.<\/p>\n\n\n\n<p><a href=\"https:\/\/tus.eschringen.de\/wordpress\/fussball\/archiv\/fussball-archiv-2024-25\/\">Saison 2024\/25<\/a><\/p>\n\n\n\n<p><a href=\"https:\/\/tus.eschringen.de\/wordpress\/?page_id=4931\">Saison 2023\/24<\/a><\/p>\n\n\n\n<p><a href=\"https:\/\/tus.eschringen.de\/wordpress\/fussball\/archiv\/fussball-archiv-2022-23\/\">Saison 2022\/23<\/a><\/p>\n\n\n\n<p><a href=\"https:\/\/tus.eschringen.de\/wordpress\/fussball\/archiv\/fussball-archiv-2021-22\/\">Saison 2021\/22<\/a><\/p>\n\n\n\n<p><a href=\"https:\/\/tus.eschringen.de\/wordpress\/fussball\/archiv\/fussball-archiv-2019-20-2\/\">Saison 2020\/21<\/a><\/p>\n\n\n\n<p><a href=\"https:\/\/tus.eschringen.de\/wordpress\/fussball\/archiv\/fussball-archiv-2019-20\/\">Saison 2019\/20<\/a><\/p>\n\n\n\n<p><a href=\"https:\/\/tus.eschringen.de\/wordpress\/fussball\/archiv\/fussball-archiv-2018-19\/\">Saison 2018\/19<\/a><\/p>\n\n\n\n<p><a href=\"https:\/\/tus.eschringen.de\/wordpress\/fussball\/archiv\/fussball-archiv-2017-18\/\">Saison 2017\/18<\/a><\/p>\n\n\n\n<p><a href=\"https:\/\/tus.eschringen.de\/wordpress\/fussball\/archiv\/fussball-archiv-201617\/\">Saison 2016\/17<\/a><\/p>\n\n\n\n<p><a href=\"https:\/\/tus.eschringen.de\/wordpress\/fussball\/archiv-201516\/\">Saison 2015\/16<\/a><\/p>\n\n\n\n<p><a href=\"https:\/\/tus.eschringen.de\/wordpress\/fussball\/archiv\/fussball-archiv-2014-15\/\">Saison 2014\/15<\/a><\/p>\n\n\n\n<p><a href=\"https:\/\/tus.eschringen.de\/wordpress\/fussball\/archiv\/fussball-archiv-2013-14\/\">Saison 2013\/14<\/a><\/p>\n\n\n\n<p><a href=\"https:\/\/tus.eschringen.de\/wordpress\/fussball\/archiv\/fussball-archiv-2012-13\/\">Saison 2012\/13<\/a><\/p>\n\n\n\n<p><a href=\"https:\/\/tus.eschringen.de\/wordpress\/fussball\/archiv\/fussball-archiv-2011-12\/\">Saison 2011\/12<\/a><\/p>\n","protected":false},"excerpt":{"rendered":"<p>Hier findet Ihr unser Fussball-Archiv mit Spielberichten, Torsch\u00fctzen usw. unserer beiden Fussballmannschaften. Wir werden kontinuierlich all das Material erg\u00e4nzen, was wir zur Verf\u00fcgung haben. Saison 2024\/25 Saison 2023\/24 Saison 2022\/23 Saison 2021\/22 Saison 2020\/21 Saison 2019\/20 Saison 2018\/19 Saison 2017\/18 Saison 2016\/17 Saison 2015\/16 Saison 2014\/15 Saison 2013\/14 Saison 2012\/13 Saison 2011\/12<\/p>\n","protected":false},"author":1,"featured_media":0,"parent":44,"menu_order":6,"comment_status":"closed","ping_status":"closed","template":"","meta":{"generate_page_header":"","footnotes":""},"class_list":["post-633","page","type-page","status-publish"],"yoast_head":"<!-- This site is optimized with the Yoast SEO plugin v27.3 - https:\/\/yoast.com\/product\/yoast-seo-wordpress\/ -->\n<title>Archiv des TuS Eschringen der letzten zehn Jahre.<\/title>\n<meta name=\"description\" content=\"Archiv TuS Eschringen mit Tabellen und Spielberichten der 1. und 2. Mannschaft im Fussball\" \/>\n<meta name=\"robots\" content=\"index, follow, max-snippet:-1, max-image-preview:large, max-video-preview:-1\" \/>\n<link rel=\"canonical\" href=\"https:\/\/tus.eschringen.de\/wordpress\/fussball\/archiv\/\" \/>\n<meta property=\"og:locale\" content=\"de_DE\" \/>\n<meta property=\"og:type\" content=\"article\" \/>\n<meta property=\"og:title\" content=\"Archiv des TuS Eschringen der letzten zehn Jahre.\" \/>\n<meta property=\"og:description\" content=\"Archiv TuS Eschringen mit Tabellen und Spielberichten der 1. und 2. Mannschaft im Fussball\" \/>\n<meta property=\"og:url\" content=\"https:\/\/tus.eschringen.de\/wordpress\/fussball\/archiv\/\" \/>\n<meta property=\"og:site_name\" content=\"TuS Eschringen\" \/>\n<meta property=\"article:publisher\" content=\"https:\/\/www.facebook.com\/TuS.Eschringen\/\" \/>\n<meta property=\"article:modified_time\" content=\"2025-06-09T15:43:33+00:00\" \/>\n<meta name=\"twitter:card\" content=\"summary_large_image\" \/>\n<meta name=\"twitter:label1\" content=\"Gesch\u00e4tzte Lesezeit\" \/>\n\t<meta name=\"twitter:data1\" content=\"1\u00a0Minute\" \/>\n<script type=\"application\/ld+json\" class=\"yoast-schema-graph\">{\"@context\":\"https:\\\/\\\/schema.org\",\"@graph\":[{\"@type\":\"WebPage\",\"@id\":\"https:\\\/\\\/tus.eschringen.de\\\/wordpress\\\/fussball\\\/archiv\\\/\",\"url\":\"https:\\\/\\\/tus.eschringen.de\\\/wordpress\\\/fussball\\\/archiv\\\/\",\"name\":\"Archiv des TuS Eschringen der letzten zehn Jahre.\",\"isPartOf\":{\"@id\":\"https:\\\/\\\/tus.eschringen.de\\\/wordpress\\\/#website\"},\"datePublished\":\"2017-04-23T20:00:13+00:00\",\"dateModified\":\"2025-06-09T15:43:33+00:00\",\"description\":\"Archiv TuS Eschringen mit Tabellen und Spielberichten der 1. und 2. Mannschaft im Fussball\",\"breadcrumb\":{\"@id\":\"https:\\\/\\\/tus.eschringen.de\\\/wordpress\\\/fussball\\\/archiv\\\/#breadcrumb\"},\"inLanguage\":\"de\",\"potentialAction\":[{\"@type\":\"ReadAction\",\"target\":[\"https:\\\/\\\/tus.eschringen.de\\\/wordpress\\\/fussball\\\/archiv\\\/\"]}]},{\"@type\":\"BreadcrumbList\",\"@id\":\"https:\\\/\\\/tus.eschringen.de\\\/wordpress\\\/fussball\\\/archiv\\\/#breadcrumb\",\"itemListElement\":[{\"@type\":\"ListItem\",\"position\":1,\"name\":\"Startseite\",\"item\":\"https:\\\/\\\/tus.eschringen.de\\\/wordpress\\\/\"},{\"@type\":\"ListItem\",\"position\":2,\"name\":\"Fussball\",\"item\":\"https:\\\/\\\/tus.eschringen.de\\\/wordpress\\\/fussball\\\/\"},{\"@type\":\"ListItem\",\"position\":3,\"name\":\"Archiv\"}]},{\"@type\":\"WebSite\",\"@id\":\"https:\\\/\\\/tus.eschringen.de\\\/wordpress\\\/#website\",\"url\":\"https:\\\/\\\/tus.eschringen.de\\\/wordpress\\\/\",\"name\":\"TuS Eschringen\",\"description\":\"\",\"publisher\":{\"@id\":\"https:\\\/\\\/tus.eschringen.de\\\/wordpress\\\/#organization\"},\"potentialAction\":[{\"@type\":\"SearchAction\",\"target\":{\"@type\":\"EntryPoint\",\"urlTemplate\":\"https:\\\/\\\/tus.eschringen.de\\\/wordpress\\\/?s={search_term_string}\"},\"query-input\":{\"@type\":\"PropertyValueSpecification\",\"valueRequired\":true,\"valueName\":\"search_term_string\"}}],\"inLanguage\":\"de\"},{\"@type\":\"Organization\",\"@id\":\"https:\\\/\\\/tus.eschringen.de\\\/wordpress\\\/#organization\",\"name\":\"TuS Eschringen\",\"url\":\"https:\\\/\\\/tus.eschringen.de\\\/wordpress\\\/\",\"logo\":{\"@type\":\"ImageObject\",\"inLanguage\":\"de\",\"@id\":\"https:\\\/\\\/tus.eschringen.de\\\/wordpress\\\/#\\\/schema\\\/logo\\\/image\\\/\",\"url\":\"https:\\\/\\\/i0.wp.com\\\/tus.eschringen.de\\\/wordpress\\\/wp-content\\\/uploads\\\/2025\\\/07\\\/Web_kopf.jpg?fit=1260%2C240&ssl=1\",\"contentUrl\":\"https:\\\/\\\/i0.wp.com\\\/tus.eschringen.de\\\/wordpress\\\/wp-content\\\/uploads\\\/2025\\\/07\\\/Web_kopf.jpg?fit=1260%2C240&ssl=1\",\"width\":1260,\"height\":240,\"caption\":\"TuS Eschringen\"},\"image\":{\"@id\":\"https:\\\/\\\/tus.eschringen.de\\\/wordpress\\\/#\\\/schema\\\/logo\\\/image\\\/\"},\"sameAs\":[\"https:\\\/\\\/www.facebook.com\\\/TuS.Eschringen\\\/\",\"https:\\\/\\\/www.instagram.com\\\/tus.eschringen\\\/\"]}]}<\/script>\n<!-- \/ Yoast SEO plugin. -->","yoast_head_json":{"title":"Archiv des TuS Eschringen der letzten zehn Jahre.","description":"Archiv TuS Eschringen mit Tabellen und Spielberichten der 1. und 2. Mannschaft im Fussball","robots":{"index":"index","follow":"follow","max-snippet":"max-snippet:-1","max-image-preview":"max-image-preview:large","max-video-preview":"max-video-preview:-1"},"canonical":"https:\/\/tus.eschringen.de\/wordpress\/fussball\/archiv\/","og_locale":"de_DE","og_type":"article","og_title":"Archiv des TuS Eschringen der letzten zehn Jahre.","og_description":"Archiv TuS Eschringen mit Tabellen und Spielberichten der 1. und 2. Mannschaft im Fussball","og_url":"https:\/\/tus.eschringen.de\/wordpress\/fussball\/archiv\/","og_site_name":"TuS Eschringen","article_publisher":"https:\/\/www.facebook.com\/TuS.Eschringen\/","article_modified_time":"2025-06-09T15:43:33+00:00","twitter_card":"summary_large_image","twitter_misc":{"Gesch\u00e4tzte Lesezeit":"1\u00a0Minute"},"schema":{"@context":"https:\/\/schema.org","@graph":[{"@type":"WebPage","@id":"https:\/\/tus.eschringen.de\/wordpress\/fussball\/archiv\/","url":"https:\/\/tus.eschringen.de\/wordpress\/fussball\/archiv\/","name":"Archiv des TuS Eschringen der letzten zehn Jahre.","isPartOf":{"@id":"https:\/\/tus.eschringen.de\/wordpress\/#website"},"datePublished":"2017-04-23T20:00:13+00:00","dateModified":"2025-06-09T15:43:33+00:00","description":"Archiv TuS Eschringen mit Tabellen und Spielberichten der 1. und 2. Mannschaft im Fussball","breadcrumb":{"@id":"https:\/\/tus.eschringen.de\/wordpress\/fussball\/archiv\/#breadcrumb"},"inLanguage":"de","potentialAction":[{"@type":"ReadAction","target":["https:\/\/tus.eschringen.de\/wordpress\/fussball\/archiv\/"]}]},{"@type":"BreadcrumbList","@id":"https:\/\/tus.eschringen.de\/wordpress\/fussball\/archiv\/#breadcrumb","itemListElement":[{"@type":"ListItem","position":1,"name":"Startseite","item":"https:\/\/tus.eschringen.de\/wordpress\/"},{"@type":"ListItem","position":2,"name":"Fussball","item":"https:\/\/tus.eschringen.de\/wordpress\/fussball\/"},{"@type":"ListItem","position":3,"name":"Archiv"}]},{"@type":"WebSite","@id":"https:\/\/tus.eschringen.de\/wordpress\/#website","url":"https:\/\/tus.eschringen.de\/wordpress\/","name":"TuS Eschringen","description":"","publisher":{"@id":"https:\/\/tus.eschringen.de\/wordpress\/#organization"},"potentialAction":[{"@type":"SearchAction","target":{"@type":"EntryPoint","urlTemplate":"https:\/\/tus.eschringen.de\/wordpress\/?s={search_term_string}"},"query-input":{"@type":"PropertyValueSpecification","valueRequired":true,"valueName":"search_term_string"}}],"inLanguage":"de"},{"@type":"Organization","@id":"https:\/\/tus.eschringen.de\/wordpress\/#organization","name":"TuS Eschringen","url":"https:\/\/tus.eschringen.de\/wordpress\/","logo":{"@type":"ImageObject","inLanguage":"de","@id":"https:\/\/tus.eschringen.de\/wordpress\/#\/schema\/logo\/image\/","url":"https:\/\/i0.wp.com\/tus.eschringen.de\/wordpress\/wp-content\/uploads\/2025\/07\/Web_kopf.jpg?fit=1260%2C240&ssl=1","contentUrl":"https:\/\/i0.wp.com\/tus.eschringen.de\/wordpress\/wp-content\/uploads\/2025\/07\/Web_kopf.jpg?fit=1260%2C240&ssl=1","width":1260,"height":240,"caption":"TuS Eschringen"},"image":{"@id":"https:\/\/tus.eschringen.de\/wordpress\/#\/schema\/logo\/image\/"},"sameAs":["https:\/\/www.facebook.com\/TuS.Eschringen\/","https:\/\/www.instagram.com\/tus.eschringen\/"]}]}},"jetpack_sharing_enabled":true,"_links":{"self":[{"href":"https:\/\/tus.eschringen.de\/wordpress\/wp-json\/wp\/v2\/pages\/633","targetHints":{"allow":["GET"]}}],"collection":[{"href":"https:\/\/tus.eschringen.de\/wordpress\/wp-json\/wp\/v2\/pages"}],"about":[{"href":"https:\/\/tus.eschringen.de\/wordpress\/wp-json\/wp\/v2\/types\/page"}],"author":[{"embeddable":true,"href":"https:\/\/tus.eschringen.de\/wordpress\/wp-json\/wp\/v2\/users\/1"}],"replies":[{"embeddable":true,"href":"https:\/\/tus.eschringen.de\/wordpress\/wp-json\/wp\/v2\/comments?post=633"}],"version-history":[{"count":8,"href":"https:\/\/tus.eschringen.de\/wordpress\/wp-json\/wp\/v2\/pages\/633\/revisions"}],"predecessor-version":[{"id":6003,"href":"https:\/\/tus.eschringen.de\/wordpress\/wp-json\/wp\/v2\/pages\/633\/revisions\/6003"}],"up":[{"embeddable":true,"href":"https:\/\/tus.eschringen.de\/wordpress\/wp-json\/wp\/v2\/pages\/44"}],"wp:attachment":[{"href":"https:\/\/tus.eschringen.de\/wordpress\/wp-json\/wp\/v2\/media?parent=633"}],"curies":[{"name":"wp","href":"https:\/\/api.w.org\/{rel}","templated":true}]}}