{"id":46,"date":"2016-01-31T18:56:43","date_gmt":"2016-01-31T17:56:43","guid":{"rendered":"http:\/\/tus.eschringen.de\/wordpress\/?page_id=46"},"modified":"2025-06-19T10:00:20","modified_gmt":"2025-06-19T08:00:20","slug":"tischtennis","status":"publish","type":"page","link":"https:\/\/tus.eschringen.de\/wordpress\/tischtennis\/","title":{"rendered":"Tischtennis"},"content":{"rendered":"\n<p class=\"has-text-color has-link-color wp-elements-951200a2bc890d92408733ce057db5ea\" style=\"color:#800000\"><strong>Vereinsmeisterschaft TuS Eschringen 2025<\/strong><\/p>\n\n\n\n<p>Die Sch\u00fclervereinsmeisterschaft wurde auch in diesem Jahr in der Sporthalle Eschringen durchgef\u00fchrt. Die Wettk\u00e4mpfe zogen sich \u00fcber mehrere Wochen, da bei dem Modus &#8222;Jeder gegen Jeden&#8220; einige Spiele zu bestreiten waren. Unser Sch\u00fclertrainer Thomas Ast hatte die Veranstaltung sehr gut organisiert und abgewickelt. Es konnten nicht alle Spiele durchgef\u00fchrt werden, da einige Spieler wegen Krankheit oder aus sonstigen Gr\u00fcnden nicht immer in der Halle waren. Nicht gespielte Spiele wurden als verloren gewertet. Es gab aber sehr spannende und knappe Wettk\u00e4mpfe, die oft \u00fcber 5 S\u00e4tze gingen. Hier das Ergebnis der Vereinsmeisterschaft:<\/p>\n\n\n<div class=\"wp-block-image\">\n<figure class=\"aligncenter size-large\"><img data-recalc-dims=\"1\" loading=\"lazy\" decoding=\"async\" width=\"1024\" height=\"604\" src=\"https:\/\/i0.wp.com\/tus.eschringen.de\/wordpress\/wp-content\/uploads\/2025\/06\/Tischtennis_2025.jpg?resize=1024%2C604&#038;ssl=1\" alt=\"\" class=\"wp-image-6081\" srcset=\"https:\/\/i0.wp.com\/tus.eschringen.de\/wordpress\/wp-content\/uploads\/2025\/06\/Tischtennis_2025.jpg?resize=1024%2C604&amp;ssl=1 1024w, https:\/\/i0.wp.com\/tus.eschringen.de\/wordpress\/wp-content\/uploads\/2025\/06\/Tischtennis_2025.jpg?resize=300%2C177&amp;ssl=1 300w, https:\/\/i0.wp.com\/tus.eschringen.de\/wordpress\/wp-content\/uploads\/2025\/06\/Tischtennis_2025.jpg?resize=768%2C453&amp;ssl=1 768w, https:\/\/i0.wp.com\/tus.eschringen.de\/wordpress\/wp-content\/uploads\/2025\/06\/Tischtennis_2025.jpg?w=1200&amp;ssl=1 1200w\" sizes=\"auto, (max-width: 1024px) 100vw, 1024px\" \/><\/figure>\n<\/div>\n\n\n<ol class=\"wp-block-list\">\n<li>Adrian Winter<\/li>\n\n\n\n<li>Lamin Koundul<\/li>\n\n\n\n<li>Benjamin Nahon<\/li>\n\n\n\n<li>Juri Eich<\/li>\n\n\n\n<li>Kolja Tiegler<\/li>\n\n\n\n<li>Daniel Bojan<\/li>\n\n\n\n<li>Ben Schmidt<\/li>\n\n\n\n<li>Joschua Harig<\/li>\n\n\n\n<li>Moritz Spie\u00df<\/li>\n\n\n\n<li>Nick Fekete<\/li>\n\n\n\n<li>Liam Kunz<\/li>\n\n\n\n<li>Silas<\/li>\n\n\n\n<li>David Boger<\/li>\n\n\n\n<li>Maxim Tretyak<\/li>\n\n\n\n<li>Constantin Matt<\/li>\n\n\n\n<li>Elia Janke<\/li>\n<\/ol>\n\n\n\n<p>Die 4 Erstplatzierten erhielten eine Urkunde. F\u00fcr den 1. bis 3. Platz wurden den Kindern ein Pokal \u00fcberreicht. Wir haben bei den Wettk\u00e4mpfen gesehen, das die Spieler schon eine recht hohe Spielst\u00e4rke erreicht haben.<\/p>\n\n\n\n<p>Hier zeigt sich die Wirkung des guten Trainings von Thomas Ast. Er wird auch seit einiger Zeit beim Sch\u00fclertraining von J\u00fcrgen Blum unterst\u00fctzt. Auch einige der Seniorenspieler stellen sich zum Sch\u00fclertraining zur Verf\u00fcgung. Dabei sieht man, dass einige Sch\u00fcler in der Lage sind, den Senioren als gleichwertige Partner standzuhalten.<\/p>\n\n\n\n<p>Adrian Winter und Benjamin Nahon haben sich auch \u00fcber Ausscheidungsrunden f\u00fcr das STTB Jugend Top 24 Turnier am 28.06.2025 in Homburg Erbach qualifiziert. Sie z\u00e4hlen also in der Altersklasse U13 zu den st\u00e4rksten Spielern im Saarland. Wir w\u00fcnschen ihnen bei diesem Turnier viel Erfolg. Wir werden auch in der n\u00e4chsten Spielzeit keine Mannschaft im Senioren und Sch\u00fclerbereich f\u00fcr den Wettkampfbetrieb anmelden. Bei den Senioren m\u00f6chte keiner mehr die langen Fahrwege und den Wettkampfstress haben. Im Sch\u00fclerbereich fehlt es uns durch die \u00dcberschneidung mit Fu\u00dfball an Spielern. Die Sch\u00fcler werden auf Wunsch f\u00fcr die Ranglisten-Turniere gemeldet.<\/p>\n\n\n\n<p>Wir w\u00fcrden uns \u00fcber neue Spieler im Sch\u00fclerbereich und Seniorenbereich freuen. Die Sch\u00fcler sollten aber eine gewisse Spielst\u00e4rke haben, damit sie den Anschluss finden k\u00f6nnen. Im Seniorenbereich k\u00f6nnen sich auch gerne Hobbyspieler und Spielerinnen zum Schnuppertraining melden. Die Sporthalle Eschringen bietet an 6 Platten hervorragende Trainingsm\u00f6glichkeiten. Die Trainingszeiten in der Sporthalle Eschringen:<\/p>\n\n\n\n<p>Montags von 18:30 Uhr bis 21:30 Uhr f\u00fcr M\u00e4nner und Frauen. Mittwochs Kindertraining von 18:00 bis 19:00 Uhr. Danach bis 21:30 Uhr f\u00fcr M\u00e4nner und Frauen. Da wir keine Mannschaft gemeldet haben liegt das Training mehr im Hobby-Bereich.<\/p>\n\n\n\n<p>Bei Fragen: Alfred Boes Abteilungsleiter Tischtennis. Tel: 06893-70993 Handy: 0152-28916837<\/p>\n\n\n\n<p class=\"has-text-color has-link-color wp-elements-bd338899500a83b63b8e79043f6ea4aa\" style=\"color:#800000\"><strong>Sch\u00fcler U11 am Start<\/strong><\/p>\n\n\n\n<p>Nachdem wir bis zum Jahresende in der Sporthalle Eschringen ein Schnuppertraining f\u00fcr Kinder durchgef\u00fchrt haben, bekamen wir bis jetzt 14 Anmeldungen f\u00fcr die Kinderabteilung Tischtennis. Wir werden die Kinder jetzt beim Saarl\u00e4ndischen Tischtennisverband anmelden, so dass wir nach den Sommerferien eine Mannschaft f\u00fcr die Sch\u00fcler U11 melden k\u00f6nnen. Diese werden in der Spielzeit 2024-2025 an Wettk\u00e4mpfen teilnehmen. Die Wettk\u00e4mpfe der Sch\u00fcler finden immer Samstagsnachmittag statt, da die Kinder nicht abends spielen k\u00f6nnen. Beim Training haben wir gesehen, dass die Kinder Fortschritte gemacht haben und auch Wettk\u00e4mpfe erfolgreich bestreiten k\u00f6nnen. Ein Dank an Thomas Ast, der sehr gut mit den Kindern zurecht kommt und ihnen einiges beibringen kann. Er wird von einigen der Seniorenspieler beim Training der Kinder gut unterst\u00fctzt.<\/p>\n\n\n\n<figure class=\"wp-block-image size-large\"><img data-recalc-dims=\"1\" loading=\"lazy\" decoding=\"async\" width=\"1024\" height=\"414\" src=\"https:\/\/i0.wp.com\/tus.eschringen.de\/wordpress\/wp-content\/uploads\/2024\/02\/Tischtennis_Ue11.jpg?resize=1024%2C414&#038;ssl=1\" alt=\"\" class=\"wp-image-4700\" srcset=\"https:\/\/i0.wp.com\/tus.eschringen.de\/wordpress\/wp-content\/uploads\/2024\/02\/Tischtennis_Ue11-scaled.jpg?resize=1024%2C414&amp;ssl=1 1024w, https:\/\/i0.wp.com\/tus.eschringen.de\/wordpress\/wp-content\/uploads\/2024\/02\/Tischtennis_Ue11-scaled.jpg?resize=300%2C121&amp;ssl=1 300w, https:\/\/i0.wp.com\/tus.eschringen.de\/wordpress\/wp-content\/uploads\/2024\/02\/Tischtennis_Ue11-scaled.jpg?resize=768%2C310&amp;ssl=1 768w, https:\/\/i0.wp.com\/tus.eschringen.de\/wordpress\/wp-content\/uploads\/2024\/02\/Tischtennis_Ue11-scaled.jpg?resize=1536%2C621&amp;ssl=1 1536w, https:\/\/i0.wp.com\/tus.eschringen.de\/wordpress\/wp-content\/uploads\/2024\/02\/Tischtennis_Ue11-scaled.jpg?resize=2048%2C828&amp;ssl=1 2048w, https:\/\/i0.wp.com\/tus.eschringen.de\/wordpress\/wp-content\/uploads\/2024\/02\/Tischtennis_Ue11-scaled.jpg?w=2400&amp;ssl=1 2400w\" sizes=\"auto, (max-width: 1024px) 100vw, 1024px\" \/><\/figure>\n\n\n\n<p>Wir hoffen, dass wir mit der Kinderabteilung Nachwuchs f\u00fcr den Tischtennissport heranf\u00fchren. Es k\u00f6nnen sich auch weitere Kinder f\u00fcr die Abteilung melden.<\/p>\n\n\n\n<p>Wir w\u00fcrden uns \u00fcber Neuzug\u00e4nge freuen. Interessierte, auch Hobbyspieler und Spielerinnen k\u00f6nnen gerne zum Schnuppertraining kommen. Trainingszeiten in der Sporthalle Eschringen: Montags und mittwochs von 18:30 Uhr bis 21:30 Uhr.<\/p>\n\n\n\n<p>Bei Fragen: Alfred Boes Tel: 0689370993<\/p>\n\n\n\n<p class=\"has-text-color\" style=\"color:#800000\"><strong>Tischtennis-Kindertraining am Start<\/strong><\/p>\n\n\n<div class=\"wp-block-image\">\n<figure class=\"alignright size-medium\"><img data-recalc-dims=\"1\" loading=\"lazy\" decoding=\"async\" width=\"300\" height=\"300\" src=\"https:\/\/i0.wp.com\/tus.eschringen.de\/wordpress\/wp-content\/uploads\/2023\/10\/2023_10_22.jpg?resize=300%2C300&#038;ssl=1\" alt=\"\" class=\"wp-image-4554\" srcset=\"https:\/\/i0.wp.com\/tus.eschringen.de\/wordpress\/wp-content\/uploads\/2023\/10\/2023_10_22.jpg?resize=300%2C300&amp;ssl=1 300w, https:\/\/i0.wp.com\/tus.eschringen.de\/wordpress\/wp-content\/uploads\/2023\/10\/2023_10_22.jpg?resize=150%2C150&amp;ssl=1 150w, https:\/\/i0.wp.com\/tus.eschringen.de\/wordpress\/wp-content\/uploads\/2023\/10\/2023_10_22.jpg?resize=768%2C768&amp;ssl=1 768w, https:\/\/i0.wp.com\/tus.eschringen.de\/wordpress\/wp-content\/uploads\/2023\/10\/2023_10_22.jpg?w=1000&amp;ssl=1 1000w\" sizes=\"auto, (max-width: 300px) 100vw, 300px\" \/><\/figure>\n<\/div>\n\n\n<p>Bis Ende des laufenden Schuljahres wurde in der Grundschule Wickersberg eine Tischtennis-AG vom Trainer Thomas Ast durchgef\u00fchrt. Es bestand reges Interesse, die M\u00f6glichkeiten waren aber durch 3 Platten begrenzt.<\/p>\n\n\n\n<p>Danach wurde vom 20.09.2023 bis zu den Herbstferien von der Tischtennisabteilung TuS Eschringen in der Sport und Kulturhalle Eschringen ein Schnupperkurs angeboten. Dieser Kurs wurde von unserem Trainer Thomas Ast und mit Hilfe von einigen Spielern mittwochs von 18:00 bis 19:00 Uhr durchgef\u00fchrt.<\/p>\n\n\n\n<p>Es bestand reges Interesse und es waren teilweise bis zu 16 Kinder in der Sporthalle. Danach wird bei Interesse und bei Anmeldung im Verein ein Kindertraining angeboten.<\/p>\n\n\n\n<p>Bei Fragen: Thomas Ast. Tel. Nr. 0689375277 Handy: 0175\/2704122 oder Alfred Boes Tel. 06893\/70993 Handy:0152\/28916837<\/p>\n\n\n\n<p><strong><span style=\"color: #800000;\">Sais<\/span><\/strong><strong><span style=\"color: #800000;\">on 2018\/19:<\/span><\/strong><\/p>\n\n\n<div class=\"wp-block-image\">\n<figure class=\"aligncenter\"><img data-recalc-dims=\"1\" loading=\"lazy\" decoding=\"async\" width=\"1024\" height=\"684\" src=\"https:\/\/i0.wp.com\/tus.eschringen.de\/wordpress\/wp-content\/uploads\/2019\/01\/TT2019.jpg?resize=1024%2C684&#038;ssl=1\" alt=\"\" class=\"wp-image-1919\" srcset=\"https:\/\/i0.wp.com\/tus.eschringen.de\/wordpress\/wp-content\/uploads\/2019\/01\/TT2019.jpg?w=1024&amp;ssl=1 1024w, https:\/\/i0.wp.com\/tus.eschringen.de\/wordpress\/wp-content\/uploads\/2019\/01\/TT2019.jpg?resize=300%2C200&amp;ssl=1 300w, https:\/\/i0.wp.com\/tus.eschringen.de\/wordpress\/wp-content\/uploads\/2019\/01\/TT2019.jpg?resize=768%2C513&amp;ssl=1 768w\" sizes=\"auto, (max-width: 1024px) 100vw, 1024px\" \/><\/figure>\n<\/div>\n\n<div class=\"wp-block-image\">\n<figure class=\"alignright\"><img data-recalc-dims=\"1\" loading=\"lazy\" decoding=\"async\" width=\"150\" height=\"150\" src=\"https:\/\/i0.wp.com\/tus.eschringen.de\/wordpress\/wp-content\/uploads\/2016\/01\/tischtennis.jpg?resize=150%2C150&#038;ssl=1\" alt=\"tischtennis\" class=\"wp-image-79\"\/><\/figure>\n<\/div>\n\n\n<p><strong><\/strong><span style=\"color: #800000;\"><strong>Hier trainieren wir:<\/strong><\/span><\/p>\n\n\n\n<p>Sport- und Kulturhalle Eschringen<br>Andreas Kremp Strasse<br>66130 Eschringen<\/p>\n\n\n\n<p><span style=\"color: #800000;\"><strong>Abteilungsleiter:<\/strong><\/span><\/p>\n\n\n\n<p>komissarisch:<br>Alfred Boes + J\u00fcrgen Blum<br>66130 Eschringen<\/p>\n\n\n\n<p><span style=\"color: #800000;\"><strong>Unsere Trainingszeiten:<\/strong><\/span><\/p>\n\n\n\n<p>Montag<br>Aktiventraining von 18:30 \u2013 21:30 Uhr<\/p>\n\n\n\n<p>Mittwoch<br>Aktiventraining von 18:30 \u2013 21:30 Uhr<\/p>\n\n\n\n<p>Der Trainingsbetrieb findet mit Ausnahme der Sommerferien und der Weihnachtsferien ganzj\u00e4hrig statt.<\/p>\n\n\n\n<p><span style=\"color: #800000;\"><strong>Gastspieler und Interessierte:<\/strong><\/span><\/p>\n\n\n\n<p>Gastspieler und Interessierte anderer Tischtennis-Vereine sind bei uns jederzeit herzlich willkommen! Wir haben in unserer Sporthalle in Eschringen hervorragende Trainingsbedingungen und freuen uns auf weitere Trainingspartner und nat\u00fcrlich auch \u00fcber Spieler, die sich unserem Verein anschlie\u00dfen m\u00f6chten. Kommen Sie einfach zu unseren Trainingszeiten. Ansprechpartner sind alle Anwesenden oder kontakten Sie den Abteilungsleiter.<\/p>\n\n\n\n<p><span style=\"color: #800000;\"><strong>Unfallschutz:<\/strong><\/span><\/p>\n\n\n\n<p>Vereinsmitglieder sind w\u00e4hrend der Trainingszeiten \u00fcber die Sporthilfe versichert. Nicht-Vereinsspieler, auch die, die ein Schnuppertraining absolvieren (max. 4 Wochen) haben keinen Versicherungsschutz.<\/p>\n","protected":false},"excerpt":{"rendered":"<p>Vereinsmeisterschaft TuS Eschringen 2025 Die Sch\u00fclervereinsmeisterschaft wurde auch in diesem Jahr in der Sporthalle Eschringen durchgef\u00fchrt. Die Wettk\u00e4mpfe zogen sich \u00fcber mehrere Wochen, da bei dem Modus &#8222;Jeder gegen Jeden&#8220; einige Spiele zu bestreiten waren. Unser Sch\u00fclertrainer Thomas Ast hatte die Veranstaltung sehr gut organisiert und abgewickelt. Es konnten nicht alle Spiele durchgef\u00fchrt werden, da &#8230; <\/p>\n<p class=\"read-more-container\"><a title=\"Tischtennis\" class=\"read-more button\" href=\"https:\/\/tus.eschringen.de\/wordpress\/tischtennis\/#more-46\" aria-label=\"Mehr Informationen \u00fcber Tischtennis\">alles lesen<\/a><\/p>\n","protected":false},"author":1,"featured_media":0,"parent":0,"menu_order":4,"comment_status":"closed","ping_status":"closed","template":"","meta":{"generate_page_header":"","footnotes":""},"class_list":["post-46","page","type-page","status-publish"],"yoast_head":"<!-- This site is optimized with the Yoast SEO plugin v27.3 - https:\/\/yoast.com\/product\/yoast-seo-wordpress\/ -->\n<title>Tischtennis - TuS Eschringen<\/title>\n<meta name=\"robots\" content=\"index, follow, max-snippet:-1, max-image-preview:large, max-video-preview:-1\" \/>\n<link rel=\"canonical\" href=\"https:\/\/tus.eschringen.de\/wordpress\/tischtennis\/\" \/>\n<meta property=\"og:locale\" content=\"de_DE\" \/>\n<meta property=\"og:type\" content=\"article\" \/>\n<meta property=\"og:title\" content=\"Tischtennis - TuS Eschringen\" \/>\n<meta property=\"og:description\" content=\"Vereinsmeisterschaft TuS Eschringen 2025 Die Sch\u00fclervereinsmeisterschaft wurde auch in diesem Jahr in der Sporthalle Eschringen durchgef\u00fchrt. Die Wettk\u00e4mpfe zogen sich \u00fcber mehrere Wochen, da bei dem Modus &#8222;Jeder gegen Jeden&#8220; einige Spiele zu bestreiten waren. Unser Sch\u00fclertrainer Thomas Ast hatte die Veranstaltung sehr gut organisiert und abgewickelt. Es konnten nicht alle Spiele durchgef\u00fchrt werden, da ... alles lesen\" \/>\n<meta property=\"og:url\" content=\"https:\/\/tus.eschringen.de\/wordpress\/tischtennis\/\" \/>\n<meta property=\"og:site_name\" content=\"TuS Eschringen\" \/>\n<meta property=\"article:publisher\" content=\"https:\/\/www.facebook.com\/TuS.Eschringen\/\" \/>\n<meta property=\"article:modified_time\" content=\"2025-06-19T08:00:20+00:00\" \/>\n<meta property=\"og:image\" content=\"https:\/\/i0.wp.com\/tus.eschringen.de\/wordpress\/wp-content\/uploads\/2025\/06\/Tischtennis_2025.jpg?fit=1200%2C708&ssl=1\" \/>\n\t<meta property=\"og:image:width\" content=\"1200\" \/>\n\t<meta property=\"og:image:height\" content=\"708\" \/>\n\t<meta property=\"og:image:type\" content=\"image\/jpeg\" \/>\n<meta name=\"twitter:card\" content=\"summary_large_image\" \/>\n<meta name=\"twitter:label1\" content=\"Gesch\u00e4tzte Lesezeit\" \/>\n\t<meta name=\"twitter:data1\" content=\"6\u00a0Minuten\" \/>\n<script type=\"application\/ld+json\" class=\"yoast-schema-graph\">{\"@context\":\"https:\\\/\\\/schema.org\",\"@graph\":[{\"@type\":\"WebPage\",\"@id\":\"https:\\\/\\\/tus.eschringen.de\\\/wordpress\\\/tischtennis\\\/\",\"url\":\"https:\\\/\\\/tus.eschringen.de\\\/wordpress\\\/tischtennis\\\/\",\"name\":\"Tischtennis - TuS Eschringen\",\"isPartOf\":{\"@id\":\"https:\\\/\\\/tus.eschringen.de\\\/wordpress\\\/#website\"},\"primaryImageOfPage\":{\"@id\":\"https:\\\/\\\/tus.eschringen.de\\\/wordpress\\\/tischtennis\\\/#primaryimage\"},\"image\":{\"@id\":\"https:\\\/\\\/tus.eschringen.de\\\/wordpress\\\/tischtennis\\\/#primaryimage\"},\"thumbnailUrl\":\"https:\\\/\\\/tus.eschringen.de\\\/wordpress\\\/wp-content\\\/uploads\\\/2025\\\/06\\\/Tischtennis_2025-1024x604.jpg\",\"datePublished\":\"2016-01-31T17:56:43+00:00\",\"dateModified\":\"2025-06-19T08:00:20+00:00\",\"breadcrumb\":{\"@id\":\"https:\\\/\\\/tus.eschringen.de\\\/wordpress\\\/tischtennis\\\/#breadcrumb\"},\"inLanguage\":\"de\",\"potentialAction\":[{\"@type\":\"ReadAction\",\"target\":[\"https:\\\/\\\/tus.eschringen.de\\\/wordpress\\\/tischtennis\\\/\"]}]},{\"@type\":\"ImageObject\",\"inLanguage\":\"de\",\"@id\":\"https:\\\/\\\/tus.eschringen.de\\\/wordpress\\\/tischtennis\\\/#primaryimage\",\"url\":\"https:\\\/\\\/i0.wp.com\\\/tus.eschringen.de\\\/wordpress\\\/wp-content\\\/uploads\\\/2025\\\/06\\\/Tischtennis_2025.jpg?fit=1200%2C708&ssl=1\",\"contentUrl\":\"https:\\\/\\\/i0.wp.com\\\/tus.eschringen.de\\\/wordpress\\\/wp-content\\\/uploads\\\/2025\\\/06\\\/Tischtennis_2025.jpg?fit=1200%2C708&ssl=1\",\"width\":1200,\"height\":708},{\"@type\":\"BreadcrumbList\",\"@id\":\"https:\\\/\\\/tus.eschringen.de\\\/wordpress\\\/tischtennis\\\/#breadcrumb\",\"itemListElement\":[{\"@type\":\"ListItem\",\"position\":1,\"name\":\"Startseite\",\"item\":\"https:\\\/\\\/tus.eschringen.de\\\/wordpress\\\/\"},{\"@type\":\"ListItem\",\"position\":2,\"name\":\"Tischtennis\"}]},{\"@type\":\"WebSite\",\"@id\":\"https:\\\/\\\/tus.eschringen.de\\\/wordpress\\\/#website\",\"url\":\"https:\\\/\\\/tus.eschringen.de\\\/wordpress\\\/\",\"name\":\"TuS Eschringen\",\"description\":\"\",\"publisher\":{\"@id\":\"https:\\\/\\\/tus.eschringen.de\\\/wordpress\\\/#organization\"},\"potentialAction\":[{\"@type\":\"SearchAction\",\"target\":{\"@type\":\"EntryPoint\",\"urlTemplate\":\"https:\\\/\\\/tus.eschringen.de\\\/wordpress\\\/?s={search_term_string}\"},\"query-input\":{\"@type\":\"PropertyValueSpecification\",\"valueRequired\":true,\"valueName\":\"search_term_string\"}}],\"inLanguage\":\"de\"},{\"@type\":\"Organization\",\"@id\":\"https:\\\/\\\/tus.eschringen.de\\\/wordpress\\\/#organization\",\"name\":\"TuS Eschringen\",\"url\":\"https:\\\/\\\/tus.eschringen.de\\\/wordpress\\\/\",\"logo\":{\"@type\":\"ImageObject\",\"inLanguage\":\"de\",\"@id\":\"https:\\\/\\\/tus.eschringen.de\\\/wordpress\\\/#\\\/schema\\\/logo\\\/image\\\/\",\"url\":\"https:\\\/\\\/i0.wp.com\\\/tus.eschringen.de\\\/wordpress\\\/wp-content\\\/uploads\\\/2025\\\/07\\\/Web_kopf.jpg?fit=1260%2C240&ssl=1\",\"contentUrl\":\"https:\\\/\\\/i0.wp.com\\\/tus.eschringen.de\\\/wordpress\\\/wp-content\\\/uploads\\\/2025\\\/07\\\/Web_kopf.jpg?fit=1260%2C240&ssl=1\",\"width\":1260,\"height\":240,\"caption\":\"TuS Eschringen\"},\"image\":{\"@id\":\"https:\\\/\\\/tus.eschringen.de\\\/wordpress\\\/#\\\/schema\\\/logo\\\/image\\\/\"},\"sameAs\":[\"https:\\\/\\\/www.facebook.com\\\/TuS.Eschringen\\\/\",\"https:\\\/\\\/www.instagram.com\\\/tus.eschringen\\\/\"]}]}<\/script>\n<!-- \/ Yoast SEO plugin. -->","yoast_head_json":{"title":"Tischtennis - TuS Eschringen","robots":{"index":"index","follow":"follow","max-snippet":"max-snippet:-1","max-image-preview":"max-image-preview:large","max-video-preview":"max-video-preview:-1"},"canonical":"https:\/\/tus.eschringen.de\/wordpress\/tischtennis\/","og_locale":"de_DE","og_type":"article","og_title":"Tischtennis - TuS Eschringen","og_description":"Vereinsmeisterschaft TuS Eschringen 2025 Die Sch\u00fclervereinsmeisterschaft wurde auch in diesem Jahr in der Sporthalle Eschringen durchgef\u00fchrt. Die Wettk\u00e4mpfe zogen sich \u00fcber mehrere Wochen, da bei dem Modus &#8222;Jeder gegen Jeden&#8220; einige Spiele zu bestreiten waren. Unser Sch\u00fclertrainer Thomas Ast hatte die Veranstaltung sehr gut organisiert und abgewickelt. Es konnten nicht alle Spiele durchgef\u00fchrt werden, da ... alles lesen","og_url":"https:\/\/tus.eschringen.de\/wordpress\/tischtennis\/","og_site_name":"TuS Eschringen","article_publisher":"https:\/\/www.facebook.com\/TuS.Eschringen\/","article_modified_time":"2025-06-19T08:00:20+00:00","og_image":[{"width":1200,"height":708,"url":"https:\/\/i0.wp.com\/tus.eschringen.de\/wordpress\/wp-content\/uploads\/2025\/06\/Tischtennis_2025.jpg?fit=1200%2C708&ssl=1","type":"image\/jpeg"}],"twitter_card":"summary_large_image","twitter_misc":{"Gesch\u00e4tzte Lesezeit":"6\u00a0Minuten"},"schema":{"@context":"https:\/\/schema.org","@graph":[{"@type":"WebPage","@id":"https:\/\/tus.eschringen.de\/wordpress\/tischtennis\/","url":"https:\/\/tus.eschringen.de\/wordpress\/tischtennis\/","name":"Tischtennis - TuS Eschringen","isPartOf":{"@id":"https:\/\/tus.eschringen.de\/wordpress\/#website"},"primaryImageOfPage":{"@id":"https:\/\/tus.eschringen.de\/wordpress\/tischtennis\/#primaryimage"},"image":{"@id":"https:\/\/tus.eschringen.de\/wordpress\/tischtennis\/#primaryimage"},"thumbnailUrl":"https:\/\/tus.eschringen.de\/wordpress\/wp-content\/uploads\/2025\/06\/Tischtennis_2025-1024x604.jpg","datePublished":"2016-01-31T17:56:43+00:00","dateModified":"2025-06-19T08:00:20+00:00","breadcrumb":{"@id":"https:\/\/tus.eschringen.de\/wordpress\/tischtennis\/#breadcrumb"},"inLanguage":"de","potentialAction":[{"@type":"ReadAction","target":["https:\/\/tus.eschringen.de\/wordpress\/tischtennis\/"]}]},{"@type":"ImageObject","inLanguage":"de","@id":"https:\/\/tus.eschringen.de\/wordpress\/tischtennis\/#primaryimage","url":"https:\/\/i0.wp.com\/tus.eschringen.de\/wordpress\/wp-content\/uploads\/2025\/06\/Tischtennis_2025.jpg?fit=1200%2C708&ssl=1","contentUrl":"https:\/\/i0.wp.com\/tus.eschringen.de\/wordpress\/wp-content\/uploads\/2025\/06\/Tischtennis_2025.jpg?fit=1200%2C708&ssl=1","width":1200,"height":708},{"@type":"BreadcrumbList","@id":"https:\/\/tus.eschringen.de\/wordpress\/tischtennis\/#breadcrumb","itemListElement":[{"@type":"ListItem","position":1,"name":"Startseite","item":"https:\/\/tus.eschringen.de\/wordpress\/"},{"@type":"ListItem","position":2,"name":"Tischtennis"}]},{"@type":"WebSite","@id":"https:\/\/tus.eschringen.de\/wordpress\/#website","url":"https:\/\/tus.eschringen.de\/wordpress\/","name":"TuS Eschringen","description":"","publisher":{"@id":"https:\/\/tus.eschringen.de\/wordpress\/#organization"},"potentialAction":[{"@type":"SearchAction","target":{"@type":"EntryPoint","urlTemplate":"https:\/\/tus.eschringen.de\/wordpress\/?s={search_term_string}"},"query-input":{"@type":"PropertyValueSpecification","valueRequired":true,"valueName":"search_term_string"}}],"inLanguage":"de"},{"@type":"Organization","@id":"https:\/\/tus.eschringen.de\/wordpress\/#organization","name":"TuS Eschringen","url":"https:\/\/tus.eschringen.de\/wordpress\/","logo":{"@type":"ImageObject","inLanguage":"de","@id":"https:\/\/tus.eschringen.de\/wordpress\/#\/schema\/logo\/image\/","url":"https:\/\/i0.wp.com\/tus.eschringen.de\/wordpress\/wp-content\/uploads\/2025\/07\/Web_kopf.jpg?fit=1260%2C240&ssl=1","contentUrl":"https:\/\/i0.wp.com\/tus.eschringen.de\/wordpress\/wp-content\/uploads\/2025\/07\/Web_kopf.jpg?fit=1260%2C240&ssl=1","width":1260,"height":240,"caption":"TuS Eschringen"},"image":{"@id":"https:\/\/tus.eschringen.de\/wordpress\/#\/schema\/logo\/image\/"},"sameAs":["https:\/\/www.facebook.com\/TuS.Eschringen\/","https:\/\/www.instagram.com\/tus.eschringen\/"]}]}},"jetpack_sharing_enabled":true,"_links":{"self":[{"href":"https:\/\/tus.eschringen.de\/wordpress\/wp-json\/wp\/v2\/pages\/46","targetHints":{"allow":["GET"]}}],"collection":[{"href":"https:\/\/tus.eschringen.de\/wordpress\/wp-json\/wp\/v2\/pages"}],"about":[{"href":"https:\/\/tus.eschringen.de\/wordpress\/wp-json\/wp\/v2\/types\/page"}],"author":[{"embeddable":true,"href":"https:\/\/tus.eschringen.de\/wordpress\/wp-json\/wp\/v2\/users\/1"}],"replies":[{"embeddable":true,"href":"https:\/\/tus.eschringen.de\/wordpress\/wp-json\/wp\/v2\/comments?post=46"}],"version-history":[{"count":11,"href":"https:\/\/tus.eschringen.de\/wordpress\/wp-json\/wp\/v2\/pages\/46\/revisions"}],"predecessor-version":[{"id":6082,"href":"https:\/\/tus.eschringen.de\/wordpress\/wp-json\/wp\/v2\/pages\/46\/revisions\/6082"}],"wp:attachment":[{"href":"https:\/\/tus.eschringen.de\/wordpress\/wp-json\/wp\/v2\/media?parent=46"}],"curies":[{"name":"wp","href":"https:\/\/api.w.org\/{rel}","templated":true}]}}