{"id":31,"date":"2016-01-30T23:34:23","date_gmt":"2016-01-30T22:34:23","guid":{"rendered":"http:\/\/tus.eschringen.de\/wordpress\/?page_id=31"},"modified":"2025-06-18T11:44:44","modified_gmt":"2025-06-18T09:44:44","slug":"der-verein","status":"publish","type":"page","link":"https:\/\/tus.eschringen.de\/wordpress\/der-verein\/","title":{"rendered":"Der Verein"},"content":{"rendered":"\n<p><span style=\"color: #ff0000;\"><strong>Gesch\u00e4ftsf\u00fchrer:<\/strong><\/span> Roman Meyer, Lehberggarten 34, 66131 Ensheim<\/p>\n\n\n\n<p><strong><span style=\"color: #ff0000;\">Kontakt:<\/span><\/strong> <a href=\"mailto:tus@eschringen.de\">tus@eschringen.de<\/a><\/p>\n\n\n<div class=\"wp-block-image\">\n<figure class=\"alignright size-thumbnail\"><img data-recalc-dims=\"1\" loading=\"lazy\" decoding=\"async\" width=\"150\" height=\"150\" src=\"https:\/\/i0.wp.com\/tus.eschringen.de\/wordpress\/wp-content\/uploads\/2021\/07\/Beitrag1.jpg?resize=150%2C150&#038;ssl=1\" alt=\"\" class=\"wp-image-2940\" srcset=\"https:\/\/i0.wp.com\/tus.eschringen.de\/wordpress\/wp-content\/uploads\/2021\/07\/Beitrag1.jpg?resize=150%2C150&amp;ssl=1 150w, https:\/\/i0.wp.com\/tus.eschringen.de\/wordpress\/wp-content\/uploads\/2021\/07\/Beitrag1.jpg?zoom=2&amp;resize=150%2C150&amp;ssl=1 300w\" sizes=\"auto, (max-width: 150px) 100vw, 150px\" \/><\/figure>\n<\/div>\n\n\n<p>Der Turn- und Sportverein Eschringen e. V. ist einer der gr\u00f6\u00dften Vereine am Ort. Wir haben 170 Mitglieder in den Sparten Jugendfu\u00dfball, Fu\u00dfball aktiv, Tischtennis und Eltern-Kind-Turnen.<br>Mitgliedsbeitrag je Monat: Passive 4,- \u20ac, Aktive 6,- \u20ac, Familienbeitrag 9,- \u20ac<\/p>\n\n\n\n<p>Wir w\u00fcrden uns sehr freuen, wenn auch Sie Mitglied werden im TuS Eschringen. Hier der <a href=\"https:\/\/tus.eschringen.de\/wordpress\/wp-content\/uploads\/2019\/08\/Mitgliedsantrag.pdf\">Mitgliedsantrag<\/a><\/p>\n\n\n\n<hr class=\"wp-block-separator has-css-opacity\"\/>\n\n\n\n<p><span style=\"color: #ff0000;\"><strong>Aktuelles:<\/strong><\/span><\/p>\n\n\n\n<p><strong>Ergebnis der Wahlen der Jahreshauptversammlung des TuS vom 13.10.2023<\/strong><\/p>\n\n\n\n<figure class=\"wp-block-table\"><table><tbody><tr><td><strong>Funktion<\/strong><\/td><td><strong>Vorname<\/strong><\/td><td><strong>Name<\/strong><\/td><\/tr><tr><td>1.&nbsp;&nbsp;&nbsp;&nbsp;&nbsp; Vorsitzender<\/td><td><\/td><td><\/td><\/tr><tr><td>2.&nbsp;&nbsp;&nbsp;&nbsp;&nbsp; Vorsitzender<\/td><td><\/td><td><\/td><\/tr><tr><td>Gesch\u00e4ftsf\u00fchrer<\/td><td>Roman <\/td><td>Meyer <\/td><\/tr><tr><td>1.&nbsp;&nbsp;&nbsp;&nbsp;&nbsp; Kassierer<\/td><td>Martin <\/td><td>Zimmermann  <\/td><\/tr><tr><td>Abteilungsleiter Tischtennis<\/td><td>Alfred<\/td><td>Boes<\/td><\/tr><tr><td>Abteilungsleiter Fu\u00dfball<\/td><td>Michael<\/td><td>Gerhard<\/td><\/tr><tr><td>Abteilungsleiterin Eltern-Kind-Turnen<\/td><td>Sophie<\/td><td>Wilhelm<\/td><\/tr><tr><td>Abteilungsleiter Jugendfu\u00dfball<\/td><td>in <\/td><td>K\u00fcrze<\/td><\/tr><tr><td>Beisitzer passiv<\/td><td>Gregor<\/td><td>Schweitzer<\/td><\/tr><tr><td>Beisitzer passiv<\/td><td>Martin<\/td><td>Steis<\/td><\/tr><tr><td>Beisitzer aktiv<\/td><td>Konstantin<\/td><td>Gorelik<\/td><\/tr><tr><td>Beisitzer aktiv<\/td><td>Pascal<\/td><td>Lorsung<\/td><\/tr><\/tbody><\/table><\/figure>\n","protected":false},"excerpt":{"rendered":"<p>Gesch\u00e4ftsf\u00fchrer: Roman Meyer, Lehberggarten 34, 66131 Ensheim Kontakt: tus@eschringen.de Der Turn- und Sportverein Eschringen e. V. ist einer der gr\u00f6\u00dften Vereine am Ort. Wir haben 170 Mitglieder in den Sparten Jugendfu\u00dfball, Fu\u00dfball aktiv, Tischtennis und Eltern-Kind-Turnen.Mitgliedsbeitrag je Monat: Passive 4,- \u20ac, Aktive 6,- \u20ac, Familienbeitrag 9,- \u20ac Wir w\u00fcrden uns sehr freuen, wenn auch Sie &#8230; <\/p>\n<p class=\"read-more-container\"><a title=\"Der Verein\" class=\"read-more button\" href=\"https:\/\/tus.eschringen.de\/wordpress\/der-verein\/#more-31\" aria-label=\"Mehr Informationen \u00fcber Der Verein\">alles lesen<\/a><\/p>\n","protected":false},"author":1,"featured_media":0,"parent":0,"menu_order":3,"comment_status":"closed","ping_status":"closed","template":"","meta":{"generate_page_header":"","footnotes":""},"class_list":["post-31","page","type-page","status-publish"],"yoast_head":"<!-- This site is optimized with the Yoast SEO plugin v27.3 - https:\/\/yoast.com\/product\/yoast-seo-wordpress\/ -->\n<title>Der Verein - TuS Eschringen<\/title>\n<meta name=\"robots\" content=\"index, follow, max-snippet:-1, max-image-preview:large, max-video-preview:-1\" \/>\n<link rel=\"canonical\" href=\"https:\/\/tus.eschringen.de\/wordpress\/der-verein\/\" \/>\n<meta property=\"og:locale\" content=\"de_DE\" \/>\n<meta property=\"og:type\" content=\"article\" \/>\n<meta property=\"og:title\" content=\"Der Verein - TuS Eschringen\" \/>\n<meta property=\"og:description\" content=\"Gesch\u00e4ftsf\u00fchrer: Roman Meyer, Lehberggarten 34, 66131 Ensheim Kontakt: tus@eschringen.de Der Turn- und Sportverein Eschringen e. V. ist einer der gr\u00f6\u00dften Vereine am Ort. Wir haben 170 Mitglieder in den Sparten Jugendfu\u00dfball, Fu\u00dfball aktiv, Tischtennis und Eltern-Kind-Turnen.Mitgliedsbeitrag je Monat: Passive 4,- \u20ac, Aktive 6,- \u20ac, Familienbeitrag 9,- \u20ac Wir w\u00fcrden uns sehr freuen, wenn auch Sie ... alles lesen\" \/>\n<meta property=\"og:url\" content=\"https:\/\/tus.eschringen.de\/wordpress\/der-verein\/\" \/>\n<meta property=\"og:site_name\" content=\"TuS Eschringen\" \/>\n<meta property=\"article:publisher\" content=\"https:\/\/www.facebook.com\/TuS.Eschringen\/\" \/>\n<meta property=\"article:modified_time\" content=\"2025-06-18T09:44:44+00:00\" \/>\n<meta property=\"og:image\" content=\"https:\/\/i0.wp.com\/tus.eschringen.de\/wordpress\/wp-content\/uploads\/2021\/07\/Beitrag1.jpg?fit=300%2C248&ssl=1\" \/>\n\t<meta property=\"og:image:width\" content=\"300\" \/>\n\t<meta property=\"og:image:height\" content=\"248\" \/>\n\t<meta property=\"og:image:type\" content=\"image\/jpeg\" \/>\n<meta name=\"twitter:card\" content=\"summary_large_image\" \/>\n<meta name=\"twitter:label1\" content=\"Gesch\u00e4tzte Lesezeit\" \/>\n\t<meta name=\"twitter:data1\" content=\"1\u00a0Minute\" \/>\n<script type=\"application\/ld+json\" class=\"yoast-schema-graph\">{\"@context\":\"https:\\\/\\\/schema.org\",\"@graph\":[{\"@type\":\"WebPage\",\"@id\":\"https:\\\/\\\/tus.eschringen.de\\\/wordpress\\\/der-verein\\\/\",\"url\":\"https:\\\/\\\/tus.eschringen.de\\\/wordpress\\\/der-verein\\\/\",\"name\":\"Der Verein - TuS Eschringen\",\"isPartOf\":{\"@id\":\"https:\\\/\\\/tus.eschringen.de\\\/wordpress\\\/#website\"},\"primaryImageOfPage\":{\"@id\":\"https:\\\/\\\/tus.eschringen.de\\\/wordpress\\\/der-verein\\\/#primaryimage\"},\"image\":{\"@id\":\"https:\\\/\\\/tus.eschringen.de\\\/wordpress\\\/der-verein\\\/#primaryimage\"},\"thumbnailUrl\":\"https:\\\/\\\/tus.eschringen.de\\\/wordpress\\\/wp-content\\\/uploads\\\/2021\\\/07\\\/Beitrag1-150x150.jpg\",\"datePublished\":\"2016-01-30T22:34:23+00:00\",\"dateModified\":\"2025-06-18T09:44:44+00:00\",\"breadcrumb\":{\"@id\":\"https:\\\/\\\/tus.eschringen.de\\\/wordpress\\\/der-verein\\\/#breadcrumb\"},\"inLanguage\":\"de\",\"potentialAction\":[{\"@type\":\"ReadAction\",\"target\":[\"https:\\\/\\\/tus.eschringen.de\\\/wordpress\\\/der-verein\\\/\"]}]},{\"@type\":\"ImageObject\",\"inLanguage\":\"de\",\"@id\":\"https:\\\/\\\/tus.eschringen.de\\\/wordpress\\\/der-verein\\\/#primaryimage\",\"url\":\"https:\\\/\\\/i0.wp.com\\\/tus.eschringen.de\\\/wordpress\\\/wp-content\\\/uploads\\\/2021\\\/07\\\/Beitrag1.jpg?fit=300%2C248&ssl=1\",\"contentUrl\":\"https:\\\/\\\/i0.wp.com\\\/tus.eschringen.de\\\/wordpress\\\/wp-content\\\/uploads\\\/2021\\\/07\\\/Beitrag1.jpg?fit=300%2C248&ssl=1\",\"width\":300,\"height\":248},{\"@type\":\"BreadcrumbList\",\"@id\":\"https:\\\/\\\/tus.eschringen.de\\\/wordpress\\\/der-verein\\\/#breadcrumb\",\"itemListElement\":[{\"@type\":\"ListItem\",\"position\":1,\"name\":\"Startseite\",\"item\":\"https:\\\/\\\/tus.eschringen.de\\\/wordpress\\\/\"},{\"@type\":\"ListItem\",\"position\":2,\"name\":\"Der Verein\"}]},{\"@type\":\"WebSite\",\"@id\":\"https:\\\/\\\/tus.eschringen.de\\\/wordpress\\\/#website\",\"url\":\"https:\\\/\\\/tus.eschringen.de\\\/wordpress\\\/\",\"name\":\"TuS Eschringen\",\"description\":\"\",\"publisher\":{\"@id\":\"https:\\\/\\\/tus.eschringen.de\\\/wordpress\\\/#organization\"},\"potentialAction\":[{\"@type\":\"SearchAction\",\"target\":{\"@type\":\"EntryPoint\",\"urlTemplate\":\"https:\\\/\\\/tus.eschringen.de\\\/wordpress\\\/?s={search_term_string}\"},\"query-input\":{\"@type\":\"PropertyValueSpecification\",\"valueRequired\":true,\"valueName\":\"search_term_string\"}}],\"inLanguage\":\"de\"},{\"@type\":\"Organization\",\"@id\":\"https:\\\/\\\/tus.eschringen.de\\\/wordpress\\\/#organization\",\"name\":\"TuS Eschringen\",\"url\":\"https:\\\/\\\/tus.eschringen.de\\\/wordpress\\\/\",\"logo\":{\"@type\":\"ImageObject\",\"inLanguage\":\"de\",\"@id\":\"https:\\\/\\\/tus.eschringen.de\\\/wordpress\\\/#\\\/schema\\\/logo\\\/image\\\/\",\"url\":\"https:\\\/\\\/i0.wp.com\\\/tus.eschringen.de\\\/wordpress\\\/wp-content\\\/uploads\\\/2025\\\/07\\\/Web_kopf.jpg?fit=1260%2C240&ssl=1\",\"contentUrl\":\"https:\\\/\\\/i0.wp.com\\\/tus.eschringen.de\\\/wordpress\\\/wp-content\\\/uploads\\\/2025\\\/07\\\/Web_kopf.jpg?fit=1260%2C240&ssl=1\",\"width\":1260,\"height\":240,\"caption\":\"TuS Eschringen\"},\"image\":{\"@id\":\"https:\\\/\\\/tus.eschringen.de\\\/wordpress\\\/#\\\/schema\\\/logo\\\/image\\\/\"},\"sameAs\":[\"https:\\\/\\\/www.facebook.com\\\/TuS.Eschringen\\\/\",\"https:\\\/\\\/www.instagram.com\\\/tus.eschringen\\\/\"]}]}<\/script>\n<!-- \/ Yoast SEO plugin. -->","yoast_head_json":{"title":"Der Verein - TuS Eschringen","robots":{"index":"index","follow":"follow","max-snippet":"max-snippet:-1","max-image-preview":"max-image-preview:large","max-video-preview":"max-video-preview:-1"},"canonical":"https:\/\/tus.eschringen.de\/wordpress\/der-verein\/","og_locale":"de_DE","og_type":"article","og_title":"Der Verein - TuS Eschringen","og_description":"Gesch\u00e4ftsf\u00fchrer: Roman Meyer, Lehberggarten 34, 66131 Ensheim Kontakt: tus@eschringen.de Der Turn- und Sportverein Eschringen e. V. ist einer der gr\u00f6\u00dften Vereine am Ort. Wir haben 170 Mitglieder in den Sparten Jugendfu\u00dfball, Fu\u00dfball aktiv, Tischtennis und Eltern-Kind-Turnen.Mitgliedsbeitrag je Monat: Passive 4,- \u20ac, Aktive 6,- \u20ac, Familienbeitrag 9,- \u20ac Wir w\u00fcrden uns sehr freuen, wenn auch Sie ... alles lesen","og_url":"https:\/\/tus.eschringen.de\/wordpress\/der-verein\/","og_site_name":"TuS Eschringen","article_publisher":"https:\/\/www.facebook.com\/TuS.Eschringen\/","article_modified_time":"2025-06-18T09:44:44+00:00","og_image":[{"width":300,"height":248,"url":"https:\/\/i0.wp.com\/tus.eschringen.de\/wordpress\/wp-content\/uploads\/2021\/07\/Beitrag1.jpg?fit=300%2C248&ssl=1","type":"image\/jpeg"}],"twitter_card":"summary_large_image","twitter_misc":{"Gesch\u00e4tzte Lesezeit":"1\u00a0Minute"},"schema":{"@context":"https:\/\/schema.org","@graph":[{"@type":"WebPage","@id":"https:\/\/tus.eschringen.de\/wordpress\/der-verein\/","url":"https:\/\/tus.eschringen.de\/wordpress\/der-verein\/","name":"Der Verein - TuS Eschringen","isPartOf":{"@id":"https:\/\/tus.eschringen.de\/wordpress\/#website"},"primaryImageOfPage":{"@id":"https:\/\/tus.eschringen.de\/wordpress\/der-verein\/#primaryimage"},"image":{"@id":"https:\/\/tus.eschringen.de\/wordpress\/der-verein\/#primaryimage"},"thumbnailUrl":"https:\/\/tus.eschringen.de\/wordpress\/wp-content\/uploads\/2021\/07\/Beitrag1-150x150.jpg","datePublished":"2016-01-30T22:34:23+00:00","dateModified":"2025-06-18T09:44:44+00:00","breadcrumb":{"@id":"https:\/\/tus.eschringen.de\/wordpress\/der-verein\/#breadcrumb"},"inLanguage":"de","potentialAction":[{"@type":"ReadAction","target":["https:\/\/tus.eschringen.de\/wordpress\/der-verein\/"]}]},{"@type":"ImageObject","inLanguage":"de","@id":"https:\/\/tus.eschringen.de\/wordpress\/der-verein\/#primaryimage","url":"https:\/\/i0.wp.com\/tus.eschringen.de\/wordpress\/wp-content\/uploads\/2021\/07\/Beitrag1.jpg?fit=300%2C248&ssl=1","contentUrl":"https:\/\/i0.wp.com\/tus.eschringen.de\/wordpress\/wp-content\/uploads\/2021\/07\/Beitrag1.jpg?fit=300%2C248&ssl=1","width":300,"height":248},{"@type":"BreadcrumbList","@id":"https:\/\/tus.eschringen.de\/wordpress\/der-verein\/#breadcrumb","itemListElement":[{"@type":"ListItem","position":1,"name":"Startseite","item":"https:\/\/tus.eschringen.de\/wordpress\/"},{"@type":"ListItem","position":2,"name":"Der Verein"}]},{"@type":"WebSite","@id":"https:\/\/tus.eschringen.de\/wordpress\/#website","url":"https:\/\/tus.eschringen.de\/wordpress\/","name":"TuS Eschringen","description":"","publisher":{"@id":"https:\/\/tus.eschringen.de\/wordpress\/#organization"},"potentialAction":[{"@type":"SearchAction","target":{"@type":"EntryPoint","urlTemplate":"https:\/\/tus.eschringen.de\/wordpress\/?s={search_term_string}"},"query-input":{"@type":"PropertyValueSpecification","valueRequired":true,"valueName":"search_term_string"}}],"inLanguage":"de"},{"@type":"Organization","@id":"https:\/\/tus.eschringen.de\/wordpress\/#organization","name":"TuS Eschringen","url":"https:\/\/tus.eschringen.de\/wordpress\/","logo":{"@type":"ImageObject","inLanguage":"de","@id":"https:\/\/tus.eschringen.de\/wordpress\/#\/schema\/logo\/image\/","url":"https:\/\/i0.wp.com\/tus.eschringen.de\/wordpress\/wp-content\/uploads\/2025\/07\/Web_kopf.jpg?fit=1260%2C240&ssl=1","contentUrl":"https:\/\/i0.wp.com\/tus.eschringen.de\/wordpress\/wp-content\/uploads\/2025\/07\/Web_kopf.jpg?fit=1260%2C240&ssl=1","width":1260,"height":240,"caption":"TuS Eschringen"},"image":{"@id":"https:\/\/tus.eschringen.de\/wordpress\/#\/schema\/logo\/image\/"},"sameAs":["https:\/\/www.facebook.com\/TuS.Eschringen\/","https:\/\/www.instagram.com\/tus.eschringen\/"]}]}},"jetpack_sharing_enabled":true,"_links":{"self":[{"href":"https:\/\/tus.eschringen.de\/wordpress\/wp-json\/wp\/v2\/pages\/31","targetHints":{"allow":["GET"]}}],"collection":[{"href":"https:\/\/tus.eschringen.de\/wordpress\/wp-json\/wp\/v2\/pages"}],"about":[{"href":"https:\/\/tus.eschringen.de\/wordpress\/wp-json\/wp\/v2\/types\/page"}],"author":[{"embeddable":true,"href":"https:\/\/tus.eschringen.de\/wordpress\/wp-json\/wp\/v2\/users\/1"}],"replies":[{"embeddable":true,"href":"https:\/\/tus.eschringen.de\/wordpress\/wp-json\/wp\/v2\/comments?post=31"}],"version-history":[{"count":13,"href":"https:\/\/tus.eschringen.de\/wordpress\/wp-json\/wp\/v2\/pages\/31\/revisions"}],"predecessor-version":[{"id":6069,"href":"https:\/\/tus.eschringen.de\/wordpress\/wp-json\/wp\/v2\/pages\/31\/revisions\/6069"}],"wp:attachment":[{"href":"https:\/\/tus.eschringen.de\/wordpress\/wp-json\/wp\/v2\/media?parent=31"}],"curies":[{"name":"wp","href":"https:\/\/api.w.org\/{rel}","templated":true}]}}