{"id":2175,"date":"2019-06-10T17:40:07","date_gmt":"2019-06-10T15:40:07","guid":{"rendered":"http:\/\/tus.eschringen.de\/wordpress\/?page_id=2175"},"modified":"2020-08-19T14:04:37","modified_gmt":"2020-08-19T12:04:37","slug":"fussball-archiv-2018-19","status":"publish","type":"page","link":"https:\/\/tus.eschringen.de\/wordpress\/fussball\/archiv\/fussball-archiv-2018-19\/","title":{"rendered":"Fussball-Archiv 2018\/19"},"content":{"rendered":"\n<p><strong><a href=\"https:\/\/tus.eschringen.de\/wordpress\/fussball\/archiv\/fussball-archiv-2018-19\/spielberichte-1-mannschaft\/\">Spielberichte 1. Mannschaft<\/a><\/strong><\/p>\n\n\n\n<p><strong><a href=\"https:\/\/tus.eschringen.de\/wordpress\/fussball\/archiv\/fussball-archiv-2018-19\/spielberichte-2-mannschaft\/\">Spielberichte 2. Mannschaft<\/a><\/strong><\/p>\n\n\n\n<p><strong>Abschlusstabellen 2018\/19<\/strong><\/p>\n\n\n\n<p class=\"has-text-color\" style=\"color:#ff0000\"><strong>1. Mannschaft \u2013 Bezirksliga Saarbr\u00fccken<\/strong><\/p>\n\n\n\n<figure class=\"wp-block-image\"><img data-recalc-dims=\"1\" loading=\"lazy\" decoding=\"async\" width=\"680\" height=\"460\" src=\"https:\/\/i0.wp.com\/tus.eschringen.de\/wordpress\/wp-content\/uploads\/2019\/06\/BZ18_19.jpg?resize=680%2C460&#038;ssl=1\" alt=\"\" class=\"wp-image-2176\" srcset=\"https:\/\/i0.wp.com\/tus.eschringen.de\/wordpress\/wp-content\/uploads\/2019\/06\/BZ18_19.jpg?w=680&amp;ssl=1 680w, https:\/\/i0.wp.com\/tus.eschringen.de\/wordpress\/wp-content\/uploads\/2019\/06\/BZ18_19.jpg?resize=300%2C203&amp;ssl=1 300w\" sizes=\"auto, (max-width: 680px) 100vw, 680px\" \/><\/figure>\n\n\n\n<p class=\"has-text-color\" style=\"color:#ff0000\"><strong>2. Mannschaft \u2013 Kreisliga A Saarbr\u00fccken<\/strong><\/p>\n\n\n\n<figure class=\"wp-block-image\"><img data-recalc-dims=\"1\" loading=\"lazy\" decoding=\"async\" width=\"680\" height=\"404\" src=\"https:\/\/i0.wp.com\/tus.eschringen.de\/wordpress\/wp-content\/uploads\/2019\/06\/KA18_19.jpg?resize=680%2C404&#038;ssl=1\" alt=\"\" class=\"wp-image-2177\" srcset=\"https:\/\/i0.wp.com\/tus.eschringen.de\/wordpress\/wp-content\/uploads\/2019\/06\/KA18_19.jpg?w=680&amp;ssl=1 680w, https:\/\/i0.wp.com\/tus.eschringen.de\/wordpress\/wp-content\/uploads\/2019\/06\/KA18_19.jpg?resize=300%2C178&amp;ssl=1 300w\" sizes=\"auto, (max-width: 680px) 100vw, 680px\" \/><\/figure>\n\n\n\n<p><strong>TuS-Fu\u00dfballer ziehen positive Saisonbilanz<br><\/strong><\/p>\n\n\n\n<p>Im Mai ging die Saison 2018\/2019 f\u00fcr unsere beiden aktiven Fu\u00dfball-Mannschaften zu Ende.<br>F\u00fcr die 1. Mannschaft wurde vor der Runde als Saisonziel ein Platz im oberen Tabellendrittel ausgegeben. Dieser wurde mit Platz 5 in der Abschlusstabelle auch erreicht. \u00dcber die gesamte Runde hinweg betrachtet w\u00e4re sicherlich in dem einen oder anderen verlorenen Spiel ein Punkt oder ein Sieg m\u00f6glich gewesen. Dies kann man aber genauso umgekehrt sehen, denn in dem einen oder anderen gewonnen Spiel hatte unser Team auch das Qu\u00e4ntchen Gl\u00fcck, um den Sieg nach Hause zu fahren. Im Laufe einer Saison heben sich Gl\u00fcck und Pech oftmals auf, so dass man von einem gerechten f\u00fcnften Platz sprechen kann.<br>Eklatant ist allerdings der Unterschied zwischen den Heim- und Ausw\u00e4rtsspielen. In der Heimtabelle rangiert der TuS auf Platz 4 mit zehn gewonnenen Spielen, einem Unentschieden sowie drei Niederlagen. In der Ausw\u00e4rtstabelle dagegen erreichte unser Team lediglich den zehnten Tabellenplatz. Hier stehen f\u00fcnf gewonnene Spiele acht Niederlagen gegen\u00fcber, bei einem Unentschieden. Betrachtet man Hin- und R\u00fcckrunde, so ist in der R\u00fcckrunde ein leichter Abfall zu beobachten, der sicherlich auch auf die hohe Anzahl an Verletzten zur\u00fcckzuf\u00fchren ist.<br>Erfreulich zu erw\u00e4hnen ist noch, dass der TuS auch in dieser Runde mit Philipp Wilhelm den Torsch\u00fctzenk\u00f6nig stellt. Durch sage und schreibe elf Tore in den letzten beiden Saisonspielen gelang es unserem Topscorer, sich noch die Krone der Bezirksliga Saarbr\u00fccken aufzusetzen. Hierzu unser herzlicher Gl\u00fcckwunsch. Leider verlassen uns zum Saisonende einige Spieler. Dies sind im Einzelnen: Timo Schultheiss (Karriereende), Justin Strassner (Vereinswechsel) und Nils P\u00f6nicke (Auslandsaufenthalt). Allen Spielern w\u00fcnschen wir f\u00fcr ihre Zukunft alles Gute. Unserem Verein angeschlossen haben sich daf\u00fcr drei Spieler vom ASC Dudweiler. Dies sind mit Lutz Backes, ein Torwart, sowie mit Christian Heselich sowie Tim Battis zwei Feldspieler.<br>Die 2. Mannschaft beendete die Saison auf einem mehr als beachtlichen 6. Tabellenplatz. Eine Saisonprognose gestaltet sich bei dieser Mannschaft immer recht schwierig, da das Team von Wochenende zu Wochenende anders aufgestellt ist. Dies h\u00e4ngt z. B. davon ab, wie viele verletzte Spieler in beiden Mannschaften vorhanden sind oder auch ob die teilweise ausw\u00e4rts wohnenden Spieler anwesend sind oder nicht. Nicht selten gestaltet sich die Aufstellung also als Wundert\u00fcte. Dass die Mannschaft trotz all dieser Unw\u00e4gbarkeiten einen tollen Platz 6 erreichte, ist mehr als erfreulich und aller Ehren wert. Neun Siegen stehen neun Niederlagen gegen\u00fcber, viermal wurde unentschieden gespielt.<br>Auch bei diesem Team hei\u00dft es zum Saisonende Abschied nehmen von zwei verdienten Spielern. Dies sind Christoph Barth (Karriereende) und Sascha K\u00fchnhold (ein Jahr Pause). Auch ihnen w\u00fcnschen wir vom TuS alles Gute. Als Neuverpflichtung steht bislang ein alter Bekannter, Alexander Scheidt vom SV Schafbr\u00fccke, fest. Inwieweit sich noch weitere Spieler dem TuS anschlie\u00dfend werden, bleibt abzuwarten. Das Transferfenster ist noch offen.<br>Ein herzliches Dankesch\u00f6n allen, die dazu beigetragen haben, dass die Runde so erfolgreich verlaufen ist. Dies betrifft die beiden Mannschaften, die Trainer, die Sponsoren, die Vorstandschaft, die Helferinnen und Helfer und nicht zuletzt die Zuschauerinnen und Zuschauer, ohne die das Fu\u00dfballspielen nur halb so viel Spa\u00df bereiten w\u00fcrde.<br>So geht es nun in die wohlverdiente Sommerpause, die am 28. Juni mit dem Trainingsauftakt und dem Beginn der Vorbereitung endet. Dann hei\u00dft es wieder \u201eAuf ein Neues!\u201c in der Saison 2019\/2020.<\/p>\n","protected":false},"excerpt":{"rendered":"<p>Spielberichte 1. Mannschaft Spielberichte 2. Mannschaft Abschlusstabellen 2018\/19 1. Mannschaft \u2013 Bezirksliga Saarbr\u00fccken 2. Mannschaft \u2013 Kreisliga A Saarbr\u00fccken TuS-Fu\u00dfballer ziehen positive Saisonbilanz Im Mai ging die Saison 2018\/2019 f\u00fcr unsere beiden aktiven Fu\u00dfball-Mannschaften zu Ende.F\u00fcr die 1. Mannschaft wurde vor der Runde als Saisonziel ein Platz im oberen Tabellendrittel ausgegeben. Dieser wurde mit Platz &#8230; <\/p>\n<p class=\"read-more-container\"><a title=\"Fussball-Archiv 2018\/19\" class=\"read-more button\" href=\"https:\/\/tus.eschringen.de\/wordpress\/fussball\/archiv\/fussball-archiv-2018-19\/#more-2175\" aria-label=\"Mehr Informationen \u00fcber Fussball-Archiv 2018\/19\">alles lesen<\/a><\/p>\n","protected":false},"author":1,"featured_media":0,"parent":633,"menu_order":4,"comment_status":"closed","ping_status":"closed","template":"","meta":{"generate_page_header":"","footnotes":""},"class_list":["post-2175","page","type-page","status-publish"],"yoast_head":"<!-- This site is optimized with the Yoast SEO plugin v27.4 - https:\/\/yoast.com\/product\/yoast-seo-wordpress\/ -->\n<title>Fussball-Archiv 2018\/19 - TuS Eschringen<\/title>\n<meta name=\"robots\" content=\"index, follow, max-snippet:-1, max-image-preview:large, max-video-preview:-1\" \/>\n<link rel=\"canonical\" href=\"https:\/\/tus.eschringen.de\/wordpress\/fussball\/archiv\/fussball-archiv-2018-19\/\" \/>\n<meta property=\"og:locale\" content=\"de_DE\" \/>\n<meta property=\"og:type\" content=\"article\" \/>\n<meta property=\"og:title\" content=\"Fussball-Archiv 2018\/19 - TuS Eschringen\" \/>\n<meta property=\"og:description\" content=\"Spielberichte 1. Mannschaft Spielberichte 2. Mannschaft Abschlusstabellen 2018\/19 1. Mannschaft \u2013 Bezirksliga Saarbr\u00fccken 2. Mannschaft \u2013 Kreisliga A Saarbr\u00fccken TuS-Fu\u00dfballer ziehen positive Saisonbilanz Im Mai ging die Saison 2018\/2019 f\u00fcr unsere beiden aktiven Fu\u00dfball-Mannschaften zu Ende.F\u00fcr die 1. Mannschaft wurde vor der Runde als Saisonziel ein Platz im oberen Tabellendrittel ausgegeben. Dieser wurde mit Platz ... alles lesen\" \/>\n<meta property=\"og:url\" content=\"https:\/\/tus.eschringen.de\/wordpress\/fussball\/archiv\/fussball-archiv-2018-19\/\" \/>\n<meta property=\"og:site_name\" content=\"TuS Eschringen\" \/>\n<meta property=\"article:publisher\" content=\"https:\/\/www.facebook.com\/TuS.Eschringen\/\" \/>\n<meta property=\"article:modified_time\" content=\"2020-08-19T12:04:37+00:00\" \/>\n<meta property=\"og:image\" content=\"http:\/\/tus.eschringen.de\/wordpress\/wp-content\/uploads\/2019\/06\/BZ18_19.jpg\" \/>\n<meta name=\"twitter:card\" content=\"summary_large_image\" \/>\n<meta name=\"twitter:label1\" content=\"Gesch\u00e4tzte Lesezeit\" \/>\n\t<meta name=\"twitter:data1\" content=\"3\u00a0Minuten\" \/>\n<script type=\"application\/ld+json\" class=\"yoast-schema-graph\">{\"@context\":\"https:\\\/\\\/schema.org\",\"@graph\":[{\"@type\":\"WebPage\",\"@id\":\"https:\\\/\\\/tus.eschringen.de\\\/wordpress\\\/fussball\\\/archiv\\\/fussball-archiv-2018-19\\\/\",\"url\":\"https:\\\/\\\/tus.eschringen.de\\\/wordpress\\\/fussball\\\/archiv\\\/fussball-archiv-2018-19\\\/\",\"name\":\"Fussball-Archiv 2018\\\/19 - TuS Eschringen\",\"isPartOf\":{\"@id\":\"https:\\\/\\\/tus.eschringen.de\\\/wordpress\\\/#website\"},\"primaryImageOfPage\":{\"@id\":\"https:\\\/\\\/tus.eschringen.de\\\/wordpress\\\/fussball\\\/archiv\\\/fussball-archiv-2018-19\\\/#primaryimage\"},\"image\":{\"@id\":\"https:\\\/\\\/tus.eschringen.de\\\/wordpress\\\/fussball\\\/archiv\\\/fussball-archiv-2018-19\\\/#primaryimage\"},\"thumbnailUrl\":\"http:\\\/\\\/tus.eschringen.de\\\/wordpress\\\/wp-content\\\/uploads\\\/2019\\\/06\\\/BZ18_19.jpg\",\"datePublished\":\"2019-06-10T15:40:07+00:00\",\"dateModified\":\"2020-08-19T12:04:37+00:00\",\"breadcrumb\":{\"@id\":\"https:\\\/\\\/tus.eschringen.de\\\/wordpress\\\/fussball\\\/archiv\\\/fussball-archiv-2018-19\\\/#breadcrumb\"},\"inLanguage\":\"de\",\"potentialAction\":[{\"@type\":\"ReadAction\",\"target\":[\"https:\\\/\\\/tus.eschringen.de\\\/wordpress\\\/fussball\\\/archiv\\\/fussball-archiv-2018-19\\\/\"]}]},{\"@type\":\"ImageObject\",\"inLanguage\":\"de\",\"@id\":\"https:\\\/\\\/tus.eschringen.de\\\/wordpress\\\/fussball\\\/archiv\\\/fussball-archiv-2018-19\\\/#primaryimage\",\"url\":\"https:\\\/\\\/i0.wp.com\\\/tus.eschringen.de\\\/wordpress\\\/wp-content\\\/uploads\\\/2019\\\/06\\\/BZ18_19.jpg?fit=680%2C460&ssl=1\",\"contentUrl\":\"https:\\\/\\\/i0.wp.com\\\/tus.eschringen.de\\\/wordpress\\\/wp-content\\\/uploads\\\/2019\\\/06\\\/BZ18_19.jpg?fit=680%2C460&ssl=1\",\"width\":680,\"height\":460},{\"@type\":\"BreadcrumbList\",\"@id\":\"https:\\\/\\\/tus.eschringen.de\\\/wordpress\\\/fussball\\\/archiv\\\/fussball-archiv-2018-19\\\/#breadcrumb\",\"itemListElement\":[{\"@type\":\"ListItem\",\"position\":1,\"name\":\"Startseite\",\"item\":\"https:\\\/\\\/tus.eschringen.de\\\/wordpress\\\/\"},{\"@type\":\"ListItem\",\"position\":2,\"name\":\"Fussball\",\"item\":\"https:\\\/\\\/tus.eschringen.de\\\/wordpress\\\/fussball\\\/\"},{\"@type\":\"ListItem\",\"position\":3,\"name\":\"Archiv\",\"item\":\"https:\\\/\\\/tus.eschringen.de\\\/wordpress\\\/fussball\\\/archiv\\\/\"},{\"@type\":\"ListItem\",\"position\":4,\"name\":\"Fussball-Archiv 2018\\\/19\"}]},{\"@type\":\"WebSite\",\"@id\":\"https:\\\/\\\/tus.eschringen.de\\\/wordpress\\\/#website\",\"url\":\"https:\\\/\\\/tus.eschringen.de\\\/wordpress\\\/\",\"name\":\"TuS Eschringen\",\"description\":\"\",\"publisher\":{\"@id\":\"https:\\\/\\\/tus.eschringen.de\\\/wordpress\\\/#organization\"},\"potentialAction\":[{\"@type\":\"SearchAction\",\"target\":{\"@type\":\"EntryPoint\",\"urlTemplate\":\"https:\\\/\\\/tus.eschringen.de\\\/wordpress\\\/?s={search_term_string}\"},\"query-input\":{\"@type\":\"PropertyValueSpecification\",\"valueRequired\":true,\"valueName\":\"search_term_string\"}}],\"inLanguage\":\"de\"},{\"@type\":\"Organization\",\"@id\":\"https:\\\/\\\/tus.eschringen.de\\\/wordpress\\\/#organization\",\"name\":\"TuS Eschringen\",\"url\":\"https:\\\/\\\/tus.eschringen.de\\\/wordpress\\\/\",\"logo\":{\"@type\":\"ImageObject\",\"inLanguage\":\"de\",\"@id\":\"https:\\\/\\\/tus.eschringen.de\\\/wordpress\\\/#\\\/schema\\\/logo\\\/image\\\/\",\"url\":\"https:\\\/\\\/i0.wp.com\\\/tus.eschringen.de\\\/wordpress\\\/wp-content\\\/uploads\\\/2025\\\/07\\\/Web_kopf.jpg?fit=1260%2C240&ssl=1\",\"contentUrl\":\"https:\\\/\\\/i0.wp.com\\\/tus.eschringen.de\\\/wordpress\\\/wp-content\\\/uploads\\\/2025\\\/07\\\/Web_kopf.jpg?fit=1260%2C240&ssl=1\",\"width\":1260,\"height\":240,\"caption\":\"TuS Eschringen\"},\"image\":{\"@id\":\"https:\\\/\\\/tus.eschringen.de\\\/wordpress\\\/#\\\/schema\\\/logo\\\/image\\\/\"},\"sameAs\":[\"https:\\\/\\\/www.facebook.com\\\/TuS.Eschringen\\\/\",\"https:\\\/\\\/www.instagram.com\\\/tus.eschringen\\\/\"]}]}<\/script>\n<!-- \/ Yoast SEO plugin. -->","yoast_head_json":{"title":"Fussball-Archiv 2018\/19 - TuS Eschringen","robots":{"index":"index","follow":"follow","max-snippet":"max-snippet:-1","max-image-preview":"max-image-preview:large","max-video-preview":"max-video-preview:-1"},"canonical":"https:\/\/tus.eschringen.de\/wordpress\/fussball\/archiv\/fussball-archiv-2018-19\/","og_locale":"de_DE","og_type":"article","og_title":"Fussball-Archiv 2018\/19 - TuS Eschringen","og_description":"Spielberichte 1. Mannschaft Spielberichte 2. Mannschaft Abschlusstabellen 2018\/19 1. Mannschaft \u2013 Bezirksliga Saarbr\u00fccken 2. Mannschaft \u2013 Kreisliga A Saarbr\u00fccken TuS-Fu\u00dfballer ziehen positive Saisonbilanz Im Mai ging die Saison 2018\/2019 f\u00fcr unsere beiden aktiven Fu\u00dfball-Mannschaften zu Ende.F\u00fcr die 1. Mannschaft wurde vor der Runde als Saisonziel ein Platz im oberen Tabellendrittel ausgegeben. Dieser wurde mit Platz ... alles lesen","og_url":"https:\/\/tus.eschringen.de\/wordpress\/fussball\/archiv\/fussball-archiv-2018-19\/","og_site_name":"TuS Eschringen","article_publisher":"https:\/\/www.facebook.com\/TuS.Eschringen\/","article_modified_time":"2020-08-19T12:04:37+00:00","og_image":[{"url":"http:\/\/tus.eschringen.de\/wordpress\/wp-content\/uploads\/2019\/06\/BZ18_19.jpg","type":"","width":"","height":""}],"twitter_card":"summary_large_image","twitter_misc":{"Gesch\u00e4tzte Lesezeit":"3\u00a0Minuten"},"schema":{"@context":"https:\/\/schema.org","@graph":[{"@type":"WebPage","@id":"https:\/\/tus.eschringen.de\/wordpress\/fussball\/archiv\/fussball-archiv-2018-19\/","url":"https:\/\/tus.eschringen.de\/wordpress\/fussball\/archiv\/fussball-archiv-2018-19\/","name":"Fussball-Archiv 2018\/19 - TuS Eschringen","isPartOf":{"@id":"https:\/\/tus.eschringen.de\/wordpress\/#website"},"primaryImageOfPage":{"@id":"https:\/\/tus.eschringen.de\/wordpress\/fussball\/archiv\/fussball-archiv-2018-19\/#primaryimage"},"image":{"@id":"https:\/\/tus.eschringen.de\/wordpress\/fussball\/archiv\/fussball-archiv-2018-19\/#primaryimage"},"thumbnailUrl":"http:\/\/tus.eschringen.de\/wordpress\/wp-content\/uploads\/2019\/06\/BZ18_19.jpg","datePublished":"2019-06-10T15:40:07+00:00","dateModified":"2020-08-19T12:04:37+00:00","breadcrumb":{"@id":"https:\/\/tus.eschringen.de\/wordpress\/fussball\/archiv\/fussball-archiv-2018-19\/#breadcrumb"},"inLanguage":"de","potentialAction":[{"@type":"ReadAction","target":["https:\/\/tus.eschringen.de\/wordpress\/fussball\/archiv\/fussball-archiv-2018-19\/"]}]},{"@type":"ImageObject","inLanguage":"de","@id":"https:\/\/tus.eschringen.de\/wordpress\/fussball\/archiv\/fussball-archiv-2018-19\/#primaryimage","url":"https:\/\/i0.wp.com\/tus.eschringen.de\/wordpress\/wp-content\/uploads\/2019\/06\/BZ18_19.jpg?fit=680%2C460&ssl=1","contentUrl":"https:\/\/i0.wp.com\/tus.eschringen.de\/wordpress\/wp-content\/uploads\/2019\/06\/BZ18_19.jpg?fit=680%2C460&ssl=1","width":680,"height":460},{"@type":"BreadcrumbList","@id":"https:\/\/tus.eschringen.de\/wordpress\/fussball\/archiv\/fussball-archiv-2018-19\/#breadcrumb","itemListElement":[{"@type":"ListItem","position":1,"name":"Startseite","item":"https:\/\/tus.eschringen.de\/wordpress\/"},{"@type":"ListItem","position":2,"name":"Fussball","item":"https:\/\/tus.eschringen.de\/wordpress\/fussball\/"},{"@type":"ListItem","position":3,"name":"Archiv","item":"https:\/\/tus.eschringen.de\/wordpress\/fussball\/archiv\/"},{"@type":"ListItem","position":4,"name":"Fussball-Archiv 2018\/19"}]},{"@type":"WebSite","@id":"https:\/\/tus.eschringen.de\/wordpress\/#website","url":"https:\/\/tus.eschringen.de\/wordpress\/","name":"TuS Eschringen","description":"","publisher":{"@id":"https:\/\/tus.eschringen.de\/wordpress\/#organization"},"potentialAction":[{"@type":"SearchAction","target":{"@type":"EntryPoint","urlTemplate":"https:\/\/tus.eschringen.de\/wordpress\/?s={search_term_string}"},"query-input":{"@type":"PropertyValueSpecification","valueRequired":true,"valueName":"search_term_string"}}],"inLanguage":"de"},{"@type":"Organization","@id":"https:\/\/tus.eschringen.de\/wordpress\/#organization","name":"TuS Eschringen","url":"https:\/\/tus.eschringen.de\/wordpress\/","logo":{"@type":"ImageObject","inLanguage":"de","@id":"https:\/\/tus.eschringen.de\/wordpress\/#\/schema\/logo\/image\/","url":"https:\/\/i0.wp.com\/tus.eschringen.de\/wordpress\/wp-content\/uploads\/2025\/07\/Web_kopf.jpg?fit=1260%2C240&ssl=1","contentUrl":"https:\/\/i0.wp.com\/tus.eschringen.de\/wordpress\/wp-content\/uploads\/2025\/07\/Web_kopf.jpg?fit=1260%2C240&ssl=1","width":1260,"height":240,"caption":"TuS Eschringen"},"image":{"@id":"https:\/\/tus.eschringen.de\/wordpress\/#\/schema\/logo\/image\/"},"sameAs":["https:\/\/www.facebook.com\/TuS.Eschringen\/","https:\/\/www.instagram.com\/tus.eschringen\/"]}]}},"jetpack_sharing_enabled":true,"_links":{"self":[{"href":"https:\/\/tus.eschringen.de\/wordpress\/wp-json\/wp\/v2\/pages\/2175","targetHints":{"allow":["GET"]}}],"collection":[{"href":"https:\/\/tus.eschringen.de\/wordpress\/wp-json\/wp\/v2\/pages"}],"about":[{"href":"https:\/\/tus.eschringen.de\/wordpress\/wp-json\/wp\/v2\/types\/page"}],"author":[{"embeddable":true,"href":"https:\/\/tus.eschringen.de\/wordpress\/wp-json\/wp\/v2\/users\/1"}],"replies":[{"embeddable":true,"href":"https:\/\/tus.eschringen.de\/wordpress\/wp-json\/wp\/v2\/comments?post=2175"}],"version-history":[{"count":5,"href":"https:\/\/tus.eschringen.de\/wordpress\/wp-json\/wp\/v2\/pages\/2175\/revisions"}],"predecessor-version":[{"id":2687,"href":"https:\/\/tus.eschringen.de\/wordpress\/wp-json\/wp\/v2\/pages\/2175\/revisions\/2687"}],"up":[{"embeddable":true,"href":"https:\/\/tus.eschringen.de\/wordpress\/wp-json\/wp\/v2\/pages\/633"}],"wp:attachment":[{"href":"https:\/\/tus.eschringen.de\/wordpress\/wp-json\/wp\/v2\/media?parent=2175"}],"curies":[{"name":"wp","href":"https:\/\/api.w.org\/{rel}","templated":true}]}}