{"id":1925,"date":"2019-01-31T13:47:26","date_gmt":"2019-01-31T12:47:26","guid":{"rendered":"http:\/\/tus.eschringen.de\/wordpress\/?page_id=1925"},"modified":"2019-01-31T13:47:26","modified_gmt":"2019-01-31T12:47:26","slug":"datenschutz-mitglieder","status":"publish","type":"page","link":"https:\/\/tus.eschringen.de\/wordpress\/datenschutz-mitglieder\/","title":{"rendered":"Datenschutz &#8211; Mitglieder"},"content":{"rendered":"<p><strong>Neue \u201eDatenschutz-Grundverordnung\u201c<\/strong><\/p>\n<p>Liebes Mitglied,<br \/>\neine neue Gesetzgebung zum Datenschutz, die auch f\u00fcr gemeinn\u00fctzige Vereine gilt veranlasst uns, Sie auf folgendes hinzuweisen und zu informieren.<br \/>\nNeben der bisherigen Einwilligungserkl\u00e4rung f\u00fcr Presseberichte, kommt nun auch die Informationspflicht \u00fcber unsere Datenverwaltung hinzu.<br \/>\nAb 25.05.2018 sind wir verpflichtet, alle Neumitglieder beim Vereinseintritt zu unterrichten, welche pers\u00f6nliche Daten wir zu welchem Zweck bearbeiten und verwalten.<br \/>\nDen Hinweis \u00fcber diese Mitteilung ist auf der Beitrittserkl\u00e4rung ersichtlich. Das neue Mitglied erkl\u00e4rt sich mit seiner Unterschrift auf der Beitrittserkl\u00e4rung als einverstanden.<br \/>\nDer TuS Eschringen e.V. wird die pers\u00f6nlichen Daten (Name, Anschrift, Geburtsdatum, Telefonnummer, E-Mail-Adresse, Eintrittsdatum in den Verein, Kontodaten) nur f\u00fcr vereinseigene Belange und f\u00fcr \u00fcbergeordnete Verb\u00e4nde verwenden.<br \/>\nNach Beendigung der Mitgliedschaft durch Austritt oder Ableben, werden die pers\u00f6nlichen Daten umgehend gel\u00f6scht, sofern sie keiner Aufbewahrungsfrist (z.B. als Nachweis f\u00fcr steuerliche<br \/>\nZwecke) unterliegen.<br \/>\nWenn Sie mit dieser Form der Datenverwaltung einverstanden sind und nicht schriftlich widersprechen, werden wir Ihre pers\u00f6nlichen Daten wie bisher verwalten bzw. benutzen.<br \/>\nSollten Sie noch Fragen haben k\u00f6nnen Sie mich gerne wie folgt erreichen.<\/p>\n<p>Handynummer: 01703462325<\/p>\n<p>Mit freundlichen Gr\u00fc\u00dfen<br \/>\nRobin P\u00f6nicke, 2. Vorsitzender<\/p>\n","protected":false},"excerpt":{"rendered":"<p>Neue \u201eDatenschutz-Grundverordnung\u201c Liebes Mitglied, eine neue Gesetzgebung zum Datenschutz, die auch f\u00fcr gemeinn\u00fctzige Vereine gilt veranlasst uns, Sie auf folgendes hinzuweisen und zu informieren. Neben der bisherigen Einwilligungserkl\u00e4rung f\u00fcr Presseberichte, kommt nun auch die Informationspflicht \u00fcber unsere Datenverwaltung hinzu. Ab 25.05.2018 sind wir verpflichtet, alle Neumitglieder beim Vereinseintritt zu unterrichten, welche pers\u00f6nliche Daten wir zu &#8230; <\/p>\n<p class=\"read-more-container\"><a title=\"Datenschutz &#8211; Mitglieder\" class=\"read-more button\" href=\"https:\/\/tus.eschringen.de\/wordpress\/datenschutz-mitglieder\/#more-1925\" aria-label=\"Mehr Informationen \u00fcber Datenschutz &#8211; Mitglieder\">alles lesen<\/a><\/p>\n","protected":false},"author":1,"featured_media":0,"parent":0,"menu_order":105,"comment_status":"closed","ping_status":"closed","template":"","meta":{"generate_page_header":"","footnotes":""},"class_list":["post-1925","page","type-page","status-publish"],"yoast_head":"<!-- This site is optimized with the Yoast SEO plugin v27.3 - https:\/\/yoast.com\/product\/yoast-seo-wordpress\/ -->\n<title>Datenschutz - Mitglieder - TuS Eschringen<\/title>\n<meta name=\"robots\" content=\"index, follow, max-snippet:-1, max-image-preview:large, max-video-preview:-1\" \/>\n<link rel=\"canonical\" href=\"https:\/\/tus.eschringen.de\/wordpress\/datenschutz-mitglieder\/\" \/>\n<meta property=\"og:locale\" content=\"de_DE\" \/>\n<meta property=\"og:type\" content=\"article\" \/>\n<meta property=\"og:title\" content=\"Datenschutz - Mitglieder - TuS Eschringen\" \/>\n<meta property=\"og:description\" content=\"Neue \u201eDatenschutz-Grundverordnung\u201c Liebes Mitglied, eine neue Gesetzgebung zum Datenschutz, die auch f\u00fcr gemeinn\u00fctzige Vereine gilt veranlasst uns, Sie auf folgendes hinzuweisen und zu informieren. Neben der bisherigen Einwilligungserkl\u00e4rung f\u00fcr Presseberichte, kommt nun auch die Informationspflicht \u00fcber unsere Datenverwaltung hinzu. Ab 25.05.2018 sind wir verpflichtet, alle Neumitglieder beim Vereinseintritt zu unterrichten, welche pers\u00f6nliche Daten wir zu ... alles lesen\" \/>\n<meta property=\"og:url\" content=\"https:\/\/tus.eschringen.de\/wordpress\/datenschutz-mitglieder\/\" \/>\n<meta property=\"og:site_name\" content=\"TuS Eschringen\" \/>\n<meta property=\"article:publisher\" content=\"https:\/\/www.facebook.com\/TuS.Eschringen\/\" \/>\n<meta name=\"twitter:card\" content=\"summary_large_image\" \/>\n<meta name=\"twitter:label1\" content=\"Gesch\u00e4tzte Lesezeit\" \/>\n\t<meta name=\"twitter:data1\" content=\"1\u00a0Minute\" \/>\n<script type=\"application\/ld+json\" class=\"yoast-schema-graph\">{\"@context\":\"https:\\\/\\\/schema.org\",\"@graph\":[{\"@type\":\"WebPage\",\"@id\":\"https:\\\/\\\/tus.eschringen.de\\\/wordpress\\\/datenschutz-mitglieder\\\/\",\"url\":\"https:\\\/\\\/tus.eschringen.de\\\/wordpress\\\/datenschutz-mitglieder\\\/\",\"name\":\"Datenschutz - Mitglieder - TuS Eschringen\",\"isPartOf\":{\"@id\":\"https:\\\/\\\/tus.eschringen.de\\\/wordpress\\\/#website\"},\"datePublished\":\"2019-01-31T12:47:26+00:00\",\"breadcrumb\":{\"@id\":\"https:\\\/\\\/tus.eschringen.de\\\/wordpress\\\/datenschutz-mitglieder\\\/#breadcrumb\"},\"inLanguage\":\"de\",\"potentialAction\":[{\"@type\":\"ReadAction\",\"target\":[\"https:\\\/\\\/tus.eschringen.de\\\/wordpress\\\/datenschutz-mitglieder\\\/\"]}]},{\"@type\":\"BreadcrumbList\",\"@id\":\"https:\\\/\\\/tus.eschringen.de\\\/wordpress\\\/datenschutz-mitglieder\\\/#breadcrumb\",\"itemListElement\":[{\"@type\":\"ListItem\",\"position\":1,\"name\":\"Startseite\",\"item\":\"https:\\\/\\\/tus.eschringen.de\\\/wordpress\\\/\"},{\"@type\":\"ListItem\",\"position\":2,\"name\":\"Datenschutz &#8211; Mitglieder\"}]},{\"@type\":\"WebSite\",\"@id\":\"https:\\\/\\\/tus.eschringen.de\\\/wordpress\\\/#website\",\"url\":\"https:\\\/\\\/tus.eschringen.de\\\/wordpress\\\/\",\"name\":\"TuS Eschringen\",\"description\":\"\",\"publisher\":{\"@id\":\"https:\\\/\\\/tus.eschringen.de\\\/wordpress\\\/#organization\"},\"potentialAction\":[{\"@type\":\"SearchAction\",\"target\":{\"@type\":\"EntryPoint\",\"urlTemplate\":\"https:\\\/\\\/tus.eschringen.de\\\/wordpress\\\/?s={search_term_string}\"},\"query-input\":{\"@type\":\"PropertyValueSpecification\",\"valueRequired\":true,\"valueName\":\"search_term_string\"}}],\"inLanguage\":\"de\"},{\"@type\":\"Organization\",\"@id\":\"https:\\\/\\\/tus.eschringen.de\\\/wordpress\\\/#organization\",\"name\":\"TuS Eschringen\",\"url\":\"https:\\\/\\\/tus.eschringen.de\\\/wordpress\\\/\",\"logo\":{\"@type\":\"ImageObject\",\"inLanguage\":\"de\",\"@id\":\"https:\\\/\\\/tus.eschringen.de\\\/wordpress\\\/#\\\/schema\\\/logo\\\/image\\\/\",\"url\":\"https:\\\/\\\/i0.wp.com\\\/tus.eschringen.de\\\/wordpress\\\/wp-content\\\/uploads\\\/2025\\\/07\\\/Web_kopf.jpg?fit=1260%2C240&ssl=1\",\"contentUrl\":\"https:\\\/\\\/i0.wp.com\\\/tus.eschringen.de\\\/wordpress\\\/wp-content\\\/uploads\\\/2025\\\/07\\\/Web_kopf.jpg?fit=1260%2C240&ssl=1\",\"width\":1260,\"height\":240,\"caption\":\"TuS Eschringen\"},\"image\":{\"@id\":\"https:\\\/\\\/tus.eschringen.de\\\/wordpress\\\/#\\\/schema\\\/logo\\\/image\\\/\"},\"sameAs\":[\"https:\\\/\\\/www.facebook.com\\\/TuS.Eschringen\\\/\",\"https:\\\/\\\/www.instagram.com\\\/tus.eschringen\\\/\"]}]}<\/script>\n<!-- \/ Yoast SEO plugin. -->","yoast_head_json":{"title":"Datenschutz - Mitglieder - TuS Eschringen","robots":{"index":"index","follow":"follow","max-snippet":"max-snippet:-1","max-image-preview":"max-image-preview:large","max-video-preview":"max-video-preview:-1"},"canonical":"https:\/\/tus.eschringen.de\/wordpress\/datenschutz-mitglieder\/","og_locale":"de_DE","og_type":"article","og_title":"Datenschutz - Mitglieder - TuS Eschringen","og_description":"Neue \u201eDatenschutz-Grundverordnung\u201c Liebes Mitglied, eine neue Gesetzgebung zum Datenschutz, die auch f\u00fcr gemeinn\u00fctzige Vereine gilt veranlasst uns, Sie auf folgendes hinzuweisen und zu informieren. Neben der bisherigen Einwilligungserkl\u00e4rung f\u00fcr Presseberichte, kommt nun auch die Informationspflicht \u00fcber unsere Datenverwaltung hinzu. Ab 25.05.2018 sind wir verpflichtet, alle Neumitglieder beim Vereinseintritt zu unterrichten, welche pers\u00f6nliche Daten wir zu ... alles lesen","og_url":"https:\/\/tus.eschringen.de\/wordpress\/datenschutz-mitglieder\/","og_site_name":"TuS Eschringen","article_publisher":"https:\/\/www.facebook.com\/TuS.Eschringen\/","twitter_card":"summary_large_image","twitter_misc":{"Gesch\u00e4tzte Lesezeit":"1\u00a0Minute"},"schema":{"@context":"https:\/\/schema.org","@graph":[{"@type":"WebPage","@id":"https:\/\/tus.eschringen.de\/wordpress\/datenschutz-mitglieder\/","url":"https:\/\/tus.eschringen.de\/wordpress\/datenschutz-mitglieder\/","name":"Datenschutz - Mitglieder - TuS Eschringen","isPartOf":{"@id":"https:\/\/tus.eschringen.de\/wordpress\/#website"},"datePublished":"2019-01-31T12:47:26+00:00","breadcrumb":{"@id":"https:\/\/tus.eschringen.de\/wordpress\/datenschutz-mitglieder\/#breadcrumb"},"inLanguage":"de","potentialAction":[{"@type":"ReadAction","target":["https:\/\/tus.eschringen.de\/wordpress\/datenschutz-mitglieder\/"]}]},{"@type":"BreadcrumbList","@id":"https:\/\/tus.eschringen.de\/wordpress\/datenschutz-mitglieder\/#breadcrumb","itemListElement":[{"@type":"ListItem","position":1,"name":"Startseite","item":"https:\/\/tus.eschringen.de\/wordpress\/"},{"@type":"ListItem","position":2,"name":"Datenschutz &#8211; Mitglieder"}]},{"@type":"WebSite","@id":"https:\/\/tus.eschringen.de\/wordpress\/#website","url":"https:\/\/tus.eschringen.de\/wordpress\/","name":"TuS Eschringen","description":"","publisher":{"@id":"https:\/\/tus.eschringen.de\/wordpress\/#organization"},"potentialAction":[{"@type":"SearchAction","target":{"@type":"EntryPoint","urlTemplate":"https:\/\/tus.eschringen.de\/wordpress\/?s={search_term_string}"},"query-input":{"@type":"PropertyValueSpecification","valueRequired":true,"valueName":"search_term_string"}}],"inLanguage":"de"},{"@type":"Organization","@id":"https:\/\/tus.eschringen.de\/wordpress\/#organization","name":"TuS Eschringen","url":"https:\/\/tus.eschringen.de\/wordpress\/","logo":{"@type":"ImageObject","inLanguage":"de","@id":"https:\/\/tus.eschringen.de\/wordpress\/#\/schema\/logo\/image\/","url":"https:\/\/i0.wp.com\/tus.eschringen.de\/wordpress\/wp-content\/uploads\/2025\/07\/Web_kopf.jpg?fit=1260%2C240&ssl=1","contentUrl":"https:\/\/i0.wp.com\/tus.eschringen.de\/wordpress\/wp-content\/uploads\/2025\/07\/Web_kopf.jpg?fit=1260%2C240&ssl=1","width":1260,"height":240,"caption":"TuS Eschringen"},"image":{"@id":"https:\/\/tus.eschringen.de\/wordpress\/#\/schema\/logo\/image\/"},"sameAs":["https:\/\/www.facebook.com\/TuS.Eschringen\/","https:\/\/www.instagram.com\/tus.eschringen\/"]}]}},"jetpack_sharing_enabled":true,"_links":{"self":[{"href":"https:\/\/tus.eschringen.de\/wordpress\/wp-json\/wp\/v2\/pages\/1925","targetHints":{"allow":["GET"]}}],"collection":[{"href":"https:\/\/tus.eschringen.de\/wordpress\/wp-json\/wp\/v2\/pages"}],"about":[{"href":"https:\/\/tus.eschringen.de\/wordpress\/wp-json\/wp\/v2\/types\/page"}],"author":[{"embeddable":true,"href":"https:\/\/tus.eschringen.de\/wordpress\/wp-json\/wp\/v2\/users\/1"}],"replies":[{"embeddable":true,"href":"https:\/\/tus.eschringen.de\/wordpress\/wp-json\/wp\/v2\/comments?post=1925"}],"version-history":[{"count":1,"href":"https:\/\/tus.eschringen.de\/wordpress\/wp-json\/wp\/v2\/pages\/1925\/revisions"}],"predecessor-version":[{"id":1926,"href":"https:\/\/tus.eschringen.de\/wordpress\/wp-json\/wp\/v2\/pages\/1925\/revisions\/1926"}],"wp:attachment":[{"href":"https:\/\/tus.eschringen.de\/wordpress\/wp-json\/wp\/v2\/media?parent=1925"}],"curies":[{"name":"wp","href":"https:\/\/api.w.org\/{rel}","templated":true}]}}