{"id":1361,"date":"2018-05-31T16:31:14","date_gmt":"2018-05-31T14:31:14","guid":{"rendered":"http:\/\/tus.eschringen.de\/wordpress\/?page_id=1361"},"modified":"2019-06-10T17:43:45","modified_gmt":"2019-06-10T15:43:45","slug":"kaderplanung-2018","status":"publish","type":"page","link":"https:\/\/tus.eschringen.de\/wordpress\/fussball\/archiv\/fussball-archiv-2018-19\/kaderplanung-2018\/","title":{"rendered":"Kaderplanung 2018"},"content":{"rendered":"<p><strong>Neuzug\u00e4nge:<\/strong><\/p>\n<p>Justin Florian Strassner (FV Bischmisheim III,&nbsp; Kreisliga A Saarbr\u00fccken, Torwart)<\/p>\n<p>Dennis Strassner (FV Fechingen,&nbsp; Bezirksliga Saarbr\u00fccken,&nbsp; Abwehr)<\/p>\n<p>Matthias Meier (1.FC Riegelsberg III,&nbsp; Kreisliga A Saarbr\u00fccken,&nbsp; Abwehr)<\/p>\n<p>Thorsten Brunner (Ormesheim II,&nbsp; Kreisliga B Homburg, Abwehr)<\/p>\n<p>Matthias Schmidt (Ormesheim II,&nbsp; Kreisliga B Homburg, Abwehr)<\/p>\n<p>Christian Ahr (Borussia Neunkirchen II,&nbsp; Bezirksliga Neunkirchen, Mittelfeld)<\/p>\n<p><strong>Abg\u00e4nge:<\/strong><\/p>\n<p>Kai B\u00fccheler (SG Hassel)<\/p>\n<p>Robert Schneider (FC Wacker Herzfelde)<\/p>\n<p>Tim Staudt (2. Mannschaft TuS Eschringen)<\/p>\n<p>Johann Kronwid (2. Mannschaft TuS Eschringen)<\/p>\n<p><strong>Vorbereitung:<\/strong><\/p>\n<p>Die Spieler der 1. Mannschaft ziehen fast ausnahmslos mit. Das abwechslungsreiche und fordernde Training unseres Trainers Timo T\u00f6ttel macht den Jungs Spa\u00df, wie die letzten Jahre auch. Allerdings nehmen im Verlaufe der Vorbereitung etliche Spieler ihren Urlaub, um w\u00e4hrend der Runde da zu sein, was zwischenzeitlich zu personellen Engp\u00e4ssen und auch schon der Absage eines Freundschaftsspiels f\u00fchrte.<br \/>\nDie Spieler der 2. Mannschaft trainieren wie die letzten Jahre auch. Einige wenige kontinuierlich, zu viele gl\u00e4nzen durch Abwesenheit.<\/p>\n","protected":false},"excerpt":{"rendered":"<p>Neuzug\u00e4nge: Justin Florian Strassner (FV Bischmisheim III,&nbsp; Kreisliga A Saarbr\u00fccken, Torwart) Dennis Strassner (FV Fechingen,&nbsp; Bezirksliga Saarbr\u00fccken,&nbsp; Abwehr) Matthias Meier (1.FC Riegelsberg III,&nbsp; Kreisliga A Saarbr\u00fccken,&nbsp; Abwehr) Thorsten Brunner (Ormesheim II,&nbsp; Kreisliga B Homburg, Abwehr) Matthias Schmidt (Ormesheim II,&nbsp; Kreisliga B Homburg, Abwehr) Christian Ahr (Borussia Neunkirchen II,&nbsp; Bezirksliga Neunkirchen, Mittelfeld) Abg\u00e4nge: Kai B\u00fccheler (SG &#8230; <\/p>\n<p class=\"read-more-container\"><a title=\"Kaderplanung 2018\" class=\"read-more button\" href=\"https:\/\/tus.eschringen.de\/wordpress\/fussball\/archiv\/fussball-archiv-2018-19\/kaderplanung-2018\/#more-1361\" aria-label=\"Mehr Informationen \u00fcber Kaderplanung 2018\">alles lesen<\/a><\/p>\n","protected":false},"author":1,"featured_media":0,"parent":2175,"menu_order":3,"comment_status":"closed","ping_status":"closed","template":"","meta":{"generate_page_header":"","footnotes":""},"class_list":["post-1361","page","type-page","status-publish"],"yoast_head":"<!-- This site is optimized with the Yoast SEO plugin v27.4 - https:\/\/yoast.com\/product\/yoast-seo-wordpress\/ -->\n<title>Kaderplanung 2018 - TuS Eschringen<\/title>\n<meta name=\"robots\" content=\"index, follow, max-snippet:-1, max-image-preview:large, max-video-preview:-1\" \/>\n<link rel=\"canonical\" href=\"https:\/\/tus.eschringen.de\/wordpress\/fussball\/archiv\/fussball-archiv-2018-19\/kaderplanung-2018\/\" \/>\n<meta property=\"og:locale\" content=\"de_DE\" \/>\n<meta property=\"og:type\" content=\"article\" \/>\n<meta property=\"og:title\" content=\"Kaderplanung 2018 - TuS Eschringen\" \/>\n<meta property=\"og:description\" content=\"Neuzug\u00e4nge: Justin Florian Strassner (FV Bischmisheim III,&nbsp; Kreisliga A Saarbr\u00fccken, Torwart) Dennis Strassner (FV Fechingen,&nbsp; Bezirksliga Saarbr\u00fccken,&nbsp; Abwehr) Matthias Meier (1.FC Riegelsberg III,&nbsp; Kreisliga A Saarbr\u00fccken,&nbsp; Abwehr) Thorsten Brunner (Ormesheim II,&nbsp; Kreisliga B Homburg, Abwehr) Matthias Schmidt (Ormesheim II,&nbsp; Kreisliga B Homburg, Abwehr) Christian Ahr (Borussia Neunkirchen II,&nbsp; Bezirksliga Neunkirchen, Mittelfeld) Abg\u00e4nge: Kai B\u00fccheler (SG ... alles lesen\" \/>\n<meta property=\"og:url\" content=\"https:\/\/tus.eschringen.de\/wordpress\/fussball\/archiv\/fussball-archiv-2018-19\/kaderplanung-2018\/\" \/>\n<meta property=\"og:site_name\" content=\"TuS Eschringen\" \/>\n<meta property=\"article:publisher\" content=\"https:\/\/www.facebook.com\/TuS.Eschringen\/\" \/>\n<meta property=\"article:modified_time\" content=\"2019-06-10T15:43:45+00:00\" \/>\n<meta name=\"twitter:card\" content=\"summary_large_image\" \/>\n<meta name=\"twitter:label1\" content=\"Gesch\u00e4tzte Lesezeit\" \/>\n\t<meta name=\"twitter:data1\" content=\"1\u00a0Minute\" \/>\n<script type=\"application\/ld+json\" class=\"yoast-schema-graph\">{\"@context\":\"https:\\\/\\\/schema.org\",\"@graph\":[{\"@type\":\"WebPage\",\"@id\":\"https:\\\/\\\/tus.eschringen.de\\\/wordpress\\\/fussball\\\/archiv\\\/fussball-archiv-2018-19\\\/kaderplanung-2018\\\/\",\"url\":\"https:\\\/\\\/tus.eschringen.de\\\/wordpress\\\/fussball\\\/archiv\\\/fussball-archiv-2018-19\\\/kaderplanung-2018\\\/\",\"name\":\"Kaderplanung 2018 - TuS Eschringen\",\"isPartOf\":{\"@id\":\"https:\\\/\\\/tus.eschringen.de\\\/wordpress\\\/#website\"},\"datePublished\":\"2018-05-31T14:31:14+00:00\",\"dateModified\":\"2019-06-10T15:43:45+00:00\",\"breadcrumb\":{\"@id\":\"https:\\\/\\\/tus.eschringen.de\\\/wordpress\\\/fussball\\\/archiv\\\/fussball-archiv-2018-19\\\/kaderplanung-2018\\\/#breadcrumb\"},\"inLanguage\":\"de\",\"potentialAction\":[{\"@type\":\"ReadAction\",\"target\":[\"https:\\\/\\\/tus.eschringen.de\\\/wordpress\\\/fussball\\\/archiv\\\/fussball-archiv-2018-19\\\/kaderplanung-2018\\\/\"]}]},{\"@type\":\"BreadcrumbList\",\"@id\":\"https:\\\/\\\/tus.eschringen.de\\\/wordpress\\\/fussball\\\/archiv\\\/fussball-archiv-2018-19\\\/kaderplanung-2018\\\/#breadcrumb\",\"itemListElement\":[{\"@type\":\"ListItem\",\"position\":1,\"name\":\"Startseite\",\"item\":\"https:\\\/\\\/tus.eschringen.de\\\/wordpress\\\/\"},{\"@type\":\"ListItem\",\"position\":2,\"name\":\"Fussball\",\"item\":\"https:\\\/\\\/tus.eschringen.de\\\/wordpress\\\/fussball\\\/\"},{\"@type\":\"ListItem\",\"position\":3,\"name\":\"Archiv\",\"item\":\"https:\\\/\\\/tus.eschringen.de\\\/wordpress\\\/fussball\\\/archiv\\\/\"},{\"@type\":\"ListItem\",\"position\":4,\"name\":\"Fussball-Archiv 2018\\\/19\",\"item\":\"https:\\\/\\\/tus.eschringen.de\\\/wordpress\\\/fussball\\\/archiv\\\/fussball-archiv-2018-19\\\/\"},{\"@type\":\"ListItem\",\"position\":5,\"name\":\"Kaderplanung 2018\"}]},{\"@type\":\"WebSite\",\"@id\":\"https:\\\/\\\/tus.eschringen.de\\\/wordpress\\\/#website\",\"url\":\"https:\\\/\\\/tus.eschringen.de\\\/wordpress\\\/\",\"name\":\"TuS Eschringen\",\"description\":\"\",\"publisher\":{\"@id\":\"https:\\\/\\\/tus.eschringen.de\\\/wordpress\\\/#organization\"},\"potentialAction\":[{\"@type\":\"SearchAction\",\"target\":{\"@type\":\"EntryPoint\",\"urlTemplate\":\"https:\\\/\\\/tus.eschringen.de\\\/wordpress\\\/?s={search_term_string}\"},\"query-input\":{\"@type\":\"PropertyValueSpecification\",\"valueRequired\":true,\"valueName\":\"search_term_string\"}}],\"inLanguage\":\"de\"},{\"@type\":\"Organization\",\"@id\":\"https:\\\/\\\/tus.eschringen.de\\\/wordpress\\\/#organization\",\"name\":\"TuS Eschringen\",\"url\":\"https:\\\/\\\/tus.eschringen.de\\\/wordpress\\\/\",\"logo\":{\"@type\":\"ImageObject\",\"inLanguage\":\"de\",\"@id\":\"https:\\\/\\\/tus.eschringen.de\\\/wordpress\\\/#\\\/schema\\\/logo\\\/image\\\/\",\"url\":\"https:\\\/\\\/i0.wp.com\\\/tus.eschringen.de\\\/wordpress\\\/wp-content\\\/uploads\\\/2025\\\/07\\\/Web_kopf.jpg?fit=1260%2C240&ssl=1\",\"contentUrl\":\"https:\\\/\\\/i0.wp.com\\\/tus.eschringen.de\\\/wordpress\\\/wp-content\\\/uploads\\\/2025\\\/07\\\/Web_kopf.jpg?fit=1260%2C240&ssl=1\",\"width\":1260,\"height\":240,\"caption\":\"TuS Eschringen\"},\"image\":{\"@id\":\"https:\\\/\\\/tus.eschringen.de\\\/wordpress\\\/#\\\/schema\\\/logo\\\/image\\\/\"},\"sameAs\":[\"https:\\\/\\\/www.facebook.com\\\/TuS.Eschringen\\\/\",\"https:\\\/\\\/www.instagram.com\\\/tus.eschringen\\\/\"]}]}<\/script>\n<!-- \/ Yoast SEO plugin. -->","yoast_head_json":{"title":"Kaderplanung 2018 - TuS Eschringen","robots":{"index":"index","follow":"follow","max-snippet":"max-snippet:-1","max-image-preview":"max-image-preview:large","max-video-preview":"max-video-preview:-1"},"canonical":"https:\/\/tus.eschringen.de\/wordpress\/fussball\/archiv\/fussball-archiv-2018-19\/kaderplanung-2018\/","og_locale":"de_DE","og_type":"article","og_title":"Kaderplanung 2018 - TuS Eschringen","og_description":"Neuzug\u00e4nge: Justin Florian Strassner (FV Bischmisheim III,&nbsp; Kreisliga A Saarbr\u00fccken, Torwart) Dennis Strassner (FV Fechingen,&nbsp; Bezirksliga Saarbr\u00fccken,&nbsp; Abwehr) Matthias Meier (1.FC Riegelsberg III,&nbsp; Kreisliga A Saarbr\u00fccken,&nbsp; Abwehr) Thorsten Brunner (Ormesheim II,&nbsp; Kreisliga B Homburg, Abwehr) Matthias Schmidt (Ormesheim II,&nbsp; Kreisliga B Homburg, Abwehr) Christian Ahr (Borussia Neunkirchen II,&nbsp; Bezirksliga Neunkirchen, Mittelfeld) Abg\u00e4nge: Kai B\u00fccheler (SG ... alles lesen","og_url":"https:\/\/tus.eschringen.de\/wordpress\/fussball\/archiv\/fussball-archiv-2018-19\/kaderplanung-2018\/","og_site_name":"TuS Eschringen","article_publisher":"https:\/\/www.facebook.com\/TuS.Eschringen\/","article_modified_time":"2019-06-10T15:43:45+00:00","twitter_card":"summary_large_image","twitter_misc":{"Gesch\u00e4tzte Lesezeit":"1\u00a0Minute"},"schema":{"@context":"https:\/\/schema.org","@graph":[{"@type":"WebPage","@id":"https:\/\/tus.eschringen.de\/wordpress\/fussball\/archiv\/fussball-archiv-2018-19\/kaderplanung-2018\/","url":"https:\/\/tus.eschringen.de\/wordpress\/fussball\/archiv\/fussball-archiv-2018-19\/kaderplanung-2018\/","name":"Kaderplanung 2018 - TuS Eschringen","isPartOf":{"@id":"https:\/\/tus.eschringen.de\/wordpress\/#website"},"datePublished":"2018-05-31T14:31:14+00:00","dateModified":"2019-06-10T15:43:45+00:00","breadcrumb":{"@id":"https:\/\/tus.eschringen.de\/wordpress\/fussball\/archiv\/fussball-archiv-2018-19\/kaderplanung-2018\/#breadcrumb"},"inLanguage":"de","potentialAction":[{"@type":"ReadAction","target":["https:\/\/tus.eschringen.de\/wordpress\/fussball\/archiv\/fussball-archiv-2018-19\/kaderplanung-2018\/"]}]},{"@type":"BreadcrumbList","@id":"https:\/\/tus.eschringen.de\/wordpress\/fussball\/archiv\/fussball-archiv-2018-19\/kaderplanung-2018\/#breadcrumb","itemListElement":[{"@type":"ListItem","position":1,"name":"Startseite","item":"https:\/\/tus.eschringen.de\/wordpress\/"},{"@type":"ListItem","position":2,"name":"Fussball","item":"https:\/\/tus.eschringen.de\/wordpress\/fussball\/"},{"@type":"ListItem","position":3,"name":"Archiv","item":"https:\/\/tus.eschringen.de\/wordpress\/fussball\/archiv\/"},{"@type":"ListItem","position":4,"name":"Fussball-Archiv 2018\/19","item":"https:\/\/tus.eschringen.de\/wordpress\/fussball\/archiv\/fussball-archiv-2018-19\/"},{"@type":"ListItem","position":5,"name":"Kaderplanung 2018"}]},{"@type":"WebSite","@id":"https:\/\/tus.eschringen.de\/wordpress\/#website","url":"https:\/\/tus.eschringen.de\/wordpress\/","name":"TuS Eschringen","description":"","publisher":{"@id":"https:\/\/tus.eschringen.de\/wordpress\/#organization"},"potentialAction":[{"@type":"SearchAction","target":{"@type":"EntryPoint","urlTemplate":"https:\/\/tus.eschringen.de\/wordpress\/?s={search_term_string}"},"query-input":{"@type":"PropertyValueSpecification","valueRequired":true,"valueName":"search_term_string"}}],"inLanguage":"de"},{"@type":"Organization","@id":"https:\/\/tus.eschringen.de\/wordpress\/#organization","name":"TuS Eschringen","url":"https:\/\/tus.eschringen.de\/wordpress\/","logo":{"@type":"ImageObject","inLanguage":"de","@id":"https:\/\/tus.eschringen.de\/wordpress\/#\/schema\/logo\/image\/","url":"https:\/\/i0.wp.com\/tus.eschringen.de\/wordpress\/wp-content\/uploads\/2025\/07\/Web_kopf.jpg?fit=1260%2C240&ssl=1","contentUrl":"https:\/\/i0.wp.com\/tus.eschringen.de\/wordpress\/wp-content\/uploads\/2025\/07\/Web_kopf.jpg?fit=1260%2C240&ssl=1","width":1260,"height":240,"caption":"TuS Eschringen"},"image":{"@id":"https:\/\/tus.eschringen.de\/wordpress\/#\/schema\/logo\/image\/"},"sameAs":["https:\/\/www.facebook.com\/TuS.Eschringen\/","https:\/\/www.instagram.com\/tus.eschringen\/"]}]}},"jetpack_sharing_enabled":true,"_links":{"self":[{"href":"https:\/\/tus.eschringen.de\/wordpress\/wp-json\/wp\/v2\/pages\/1361","targetHints":{"allow":["GET"]}}],"collection":[{"href":"https:\/\/tus.eschringen.de\/wordpress\/wp-json\/wp\/v2\/pages"}],"about":[{"href":"https:\/\/tus.eschringen.de\/wordpress\/wp-json\/wp\/v2\/types\/page"}],"author":[{"embeddable":true,"href":"https:\/\/tus.eschringen.de\/wordpress\/wp-json\/wp\/v2\/users\/1"}],"replies":[{"embeddable":true,"href":"https:\/\/tus.eschringen.de\/wordpress\/wp-json\/wp\/v2\/comments?post=1361"}],"version-history":[{"count":6,"href":"https:\/\/tus.eschringen.de\/wordpress\/wp-json\/wp\/v2\/pages\/1361\/revisions"}],"predecessor-version":[{"id":2182,"href":"https:\/\/tus.eschringen.de\/wordpress\/wp-json\/wp\/v2\/pages\/1361\/revisions\/2182"}],"up":[{"embeddable":true,"href":"https:\/\/tus.eschringen.de\/wordpress\/wp-json\/wp\/v2\/pages\/2175"}],"wp:attachment":[{"href":"https:\/\/tus.eschringen.de\/wordpress\/wp-json\/wp\/v2\/media?parent=1361"}],"curies":[{"name":"wp","href":"https:\/\/api.w.org\/{rel}","templated":true}]}}